{"id":7363,"date":"2021-04-22T10:18:28","date_gmt":"2021-04-22T08:18:28","guid":{"rendered":"https:\/\/www.zina-shop.com\/?post_type=product&#038;p=7363"},"modified":"2025-12-05T17:48:43","modified_gmt":"2025-12-05T16:48:43","slug":"fil-deco-argent-935-pour-sertissures-modele-4","status":"publish","type":"product","link":"https:\/\/www.zina-shop.com\/index.php\/produit\/fil-deco-argent-935-pour-sertissures-modele-4\/","title":{"rendered":"Fil d\u00e9co argent 935 pour sertissures Mod\u00e8le 4"},"content":{"rendered":"<p>Fil d\u00e9co argent 935 pour sertissures Mod\u00e8le 4<\/p>\n","protected":false},"excerpt":{"rendered":"<p><strong>Fil argent 935 d\u00e9coratif \u00ad Mod\u00e8le 4<\/strong><br \/>\nHauteur: 6.4mm<\/p>\n<p>Pour le sertissage de pierres et cabochons.<br \/>\nPeut \u00eatre ins\u00e9r\u00e9 dans la p\u00e2te d&rsquo;argent crue et cuit au four.<\/p>\n<p><em>\u00a0<span style=\"color: #800080\u037e;\">Vendu par sachet d&rsquo;environ 30 cm<\/span><\/em><\/p>\n<p><a href=\"https:\/\/www.youtube.com\/watch?v=_lMvjB0VX0w\"><span style=\"color: #669933\u037e;\">Tutoriel de SabineAlienor sur la soudure d&rsquo;un serti<\/span><\/a><\/p>\n","protected":false},"featured_media":7364,"comment_status":"open","ping_status":"closed","template":"","meta":{"sfsi_plus_gutenberg_text_before_share":"","sfsi_plus_gutenberg_show_text_before_share":"","sfsi_plus_gutenberg_icon_type":"","sfsi_plus_gutenberg_icon_alignemt":"","sfsi_plus_gutenburg_max_per_row":""},"product_cat":[96],"product_tag":[],"class_list":["post-7363","product","type-product","status-publish","has-post-thumbnail","hentry","product_cat-apprets-argent-fin-999"],"jetpack_sharing_enabled":true,"_links":{"self":[{"href":"https:\/\/www.zina-shop.com\/index.php\/wp-json\/wp\/v2\/product\/7363","targetHints":{"allow":["GET"]}}],"collection":[{"href":"https:\/\/www.zina-shop.com\/index.php\/wp-json\/wp\/v2\/product"}],"about":[{"href":"https:\/\/www.zina-shop.com\/index.php\/wp-json\/wp\/v2\/types\/product"}],"replies":[{"embeddable":true,"href":"https:\/\/www.zina-shop.com\/index.php\/wp-json\/wp\/v2\/comments?post=7363"}],"wp:featuredmedia":[{"embeddable":true,"href":"https:\/\/www.zina-shop.com\/index.php\/wp-json\/wp\/v2\/media\/7364"}],"wp:attachment":[{"href":"https:\/\/www.zina-shop.com\/index.php\/wp-json\/wp\/v2\/media?parent=7363"}],"wp:term":[{"taxonomy":"product_cat","embeddable":true,"href":"https:\/\/www.zina-shop.com\/index.php\/wp-json\/wp\/v2\/product_cat?post=7363"},{"taxonomy":"product_tag","embeddable":true,"href":"https:\/\/www.zina-shop.com\/index.php\/wp-json\/wp\/v2\/product_tag?post=7363"}],"curies":[{"name":"wp","href":"https:\/\/api.w.org\/{rel}","templated":true}]}}