{"id":7079,"date":"2021-01-11T14:07:47","date_gmt":"2021-01-11T13:07:47","guid":{"rendered":"https:\/\/www.zina-shop.com\/?post_type=product&#038;p=7079"},"modified":"2022-09-24T18:52:20","modified_gmt":"2022-09-24T16:52:20","slug":"serti-rond-4-dents-3mm-argent-fin-999-x1","status":"publish","type":"product","link":"https:\/\/www.zina-shop.com\/index.php\/produit\/serti-rond-4-dents-3mm-argent-fin-999-x1\/","title":{"rendered":"Serti rond 4 dents 3mm argent fin 999 x1"},"content":{"rendered":"<p>Serti rond 4 dents 3mm argent fin 999 x1<\/p>\n","protected":false},"excerpt":{"rendered":"<p><strong>Serti rond en argent fin 999 &#8211; \u00ad 3mm<\/strong><\/p>\n<p>4 dents<\/p>\n<p>Belle qualit\u00e9, belle finitions<\/p>\n<p>Peut \u00eatre ins\u00e9r\u00e9 dans la p\u00e2te d&rsquo;argent crue et cuits ensembles.<\/p>\n<p>Compatible aves les pierres de lab rondes 3mm<\/p>\n<p><em><span style=\"color: #993366\u037e;\">Vendu\u00a0\u00e0\u00a0l&rsquo;unit\u00e9<\/span><\/em><\/p>\n","protected":false},"featured_media":7080,"comment_status":"open","ping_status":"closed","template":"","meta":{"sfsi_plus_gutenberg_text_before_share":"","sfsi_plus_gutenberg_show_text_before_share":"","sfsi_plus_gutenberg_icon_type":"","sfsi_plus_gutenberg_icon_alignemt":"","sfsi_plus_gutenburg_max_per_row":""},"product_cat":[96],"product_tag":[],"class_list":["post-7079","product","type-product","status-publish","has-post-thumbnail","hentry","product_cat-apprets-argent-fin-999"],"jetpack_sharing_enabled":true,"_links":{"self":[{"href":"https:\/\/www.zina-shop.com\/index.php\/wp-json\/wp\/v2\/product\/7079","targetHints":{"allow":["GET"]}}],"collection":[{"href":"https:\/\/www.zina-shop.com\/index.php\/wp-json\/wp\/v2\/product"}],"about":[{"href":"https:\/\/www.zina-shop.com\/index.php\/wp-json\/wp\/v2\/types\/product"}],"replies":[{"embeddable":true,"href":"https:\/\/www.zina-shop.com\/index.php\/wp-json\/wp\/v2\/comments?post=7079"}],"wp:featuredmedia":[{"embeddable":true,"href":"https:\/\/www.zina-shop.com\/index.php\/wp-json\/wp\/v2\/media\/7080"}],"wp:attachment":[{"href":"https:\/\/www.zina-shop.com\/index.php\/wp-json\/wp\/v2\/media?parent=7079"}],"wp:term":[{"taxonomy":"product_cat","embeddable":true,"href":"https:\/\/www.zina-shop.com\/index.php\/wp-json\/wp\/v2\/product_cat?post=7079"},{"taxonomy":"product_tag","embeddable":true,"href":"https:\/\/www.zina-shop.com\/index.php\/wp-json\/wp\/v2\/product_tag?post=7079"}],"curies":[{"name":"wp","href":"https:\/\/api.w.org\/{rel}","templated":true}]}}