{"id":6359,"date":"2020-10-11T16:20:09","date_gmt":"2020-10-11T14:20:09","guid":{"rendered":"https:\/\/www.zina-shop.com\/?post_type=product&#038;p=6359"},"modified":"2023-03-06T13:49:12","modified_gmt":"2023-03-06T12:49:12","slug":"anneau-porte-cles-30mm-reassort","status":"publish","type":"product","link":"https:\/\/www.zina-shop.com\/index.php\/produit\/anneau-porte-cles-30mm-reassort\/","title":{"rendered":"Anneau porte-cl\u00e9s 30mm &#8211; R\u00e9assort"},"content":{"rendered":"<p>Anneau porte-cl\u00e9s 30mm &#8211; R\u00e9assort<\/p>\n","protected":false},"excerpt":{"rendered":"<p><strong>Anneau porte-cl\u00e9s 30mm<\/strong><\/p>\n<p>R\u00e9assort d&rsquo;anneau porte cl\u00e9s 30mm \u2013 Fer \u2013 Toutes les cl\u00e9s n\u2019\u00e9tant pas compos\u00e9es en mati\u00e8re \u00ab aimantable \u00bb cet anneau permet d&rsquo;y mettre ses cl\u00e9s.<\/p>\n<p><em>Vendu \u00e0 l\u2019unit\u00e9<\/em><\/p>\n","protected":false},"featured_media":6342,"comment_status":"open","ping_status":"closed","template":"","meta":{"sfsi_plus_gutenberg_text_before_share":"","sfsi_plus_gutenberg_show_text_before_share":"","sfsi_plus_gutenberg_icon_type":"","sfsi_plus_gutenberg_icon_alignemt":"","sfsi_plus_gutenburg_max_per_row":""},"product_cat":[327],"product_tag":[],"class_list":["post-6359","product","type-product","status-publish","has-post-thumbnail","hentry","product_cat-attrapes-cles"],"jetpack_sharing_enabled":true,"_links":{"self":[{"href":"https:\/\/www.zina-shop.com\/index.php\/wp-json\/wp\/v2\/product\/6359","targetHints":{"allow":["GET"]}}],"collection":[{"href":"https:\/\/www.zina-shop.com\/index.php\/wp-json\/wp\/v2\/product"}],"about":[{"href":"https:\/\/www.zina-shop.com\/index.php\/wp-json\/wp\/v2\/types\/product"}],"replies":[{"embeddable":true,"href":"https:\/\/www.zina-shop.com\/index.php\/wp-json\/wp\/v2\/comments?post=6359"}],"wp:featuredmedia":[{"embeddable":true,"href":"https:\/\/www.zina-shop.com\/index.php\/wp-json\/wp\/v2\/media\/6342"}],"wp:attachment":[{"href":"https:\/\/www.zina-shop.com\/index.php\/wp-json\/wp\/v2\/media?parent=6359"}],"wp:term":[{"taxonomy":"product_cat","embeddable":true,"href":"https:\/\/www.zina-shop.com\/index.php\/wp-json\/wp\/v2\/product_cat?post=6359"},{"taxonomy":"product_tag","embeddable":true,"href":"https:\/\/www.zina-shop.com\/index.php\/wp-json\/wp\/v2\/product_tag?post=6359"}],"curies":[{"name":"wp","href":"https:\/\/api.w.org\/{rel}","templated":true}]}}