{"id":6358,"date":"2020-10-11T16:01:06","date_gmt":"2020-10-11T14:01:06","guid":{"rendered":"https:\/\/www.zina-shop.com\/?post_type=product&#038;p=6358"},"modified":"2025-05-25T10:56:47","modified_gmt":"2025-05-25T08:56:47","slug":"serti-anneau-30mm-reassort","status":"publish","type":"product","link":"https:\/\/www.zina-shop.com\/index.php\/produit\/serti-anneau-30mm-reassort\/","title":{"rendered":"Serti anneau 30mm &#8211; R\u00e9assort"},"content":{"rendered":"<p>Serti anneau 30mm &#8211; R\u00e9assort<\/p>\n","protected":false},"excerpt":{"rendered":"<p><strong>Serti anneau 30mm<\/strong><\/p>\n<p>R\u00e9assort de serti pour l&rsquo;ext\u00e9rieur du bijou de sac \u00ab Attrape-cl\u00e9s \u00bb<\/p>\n<p>Le serti anneau plat de 30mm \u2013 Fer \u2013 Pi\u00e8ce pr\u00e9vue pour accueillir votre customisation ( m\u00e9tal clay, polym\u00e8re, verre, r\u00e9sine etc\u2026), c\u2019est la partie modulable, le bijou qui vient se positionner sur l\u2019ext\u00e9rieur du sac \u00e0 main. L\u2019anneau permet d\u2019y acrocher des breloques.<\/p>\n<p><em>Vendu \u00e0 l\u2019unit\u00e9<\/em><\/p>\n","protected":false},"featured_media":6346,"comment_status":"open","ping_status":"closed","template":"","meta":{"sfsi_plus_gutenberg_text_before_share":"","sfsi_plus_gutenberg_show_text_before_share":"","sfsi_plus_gutenberg_icon_type":"","sfsi_plus_gutenberg_icon_alignemt":"","sfsi_plus_gutenburg_max_per_row":""},"product_cat":[327],"product_tag":[],"class_list":["post-6358","product","type-product","status-publish","has-post-thumbnail","hentry","product_cat-attrapes-cles"],"jetpack_sharing_enabled":true,"_links":{"self":[{"href":"https:\/\/www.zina-shop.com\/index.php\/wp-json\/wp\/v2\/product\/6358","targetHints":{"allow":["GET"]}}],"collection":[{"href":"https:\/\/www.zina-shop.com\/index.php\/wp-json\/wp\/v2\/product"}],"about":[{"href":"https:\/\/www.zina-shop.com\/index.php\/wp-json\/wp\/v2\/types\/product"}],"replies":[{"embeddable":true,"href":"https:\/\/www.zina-shop.com\/index.php\/wp-json\/wp\/v2\/comments?post=6358"}],"wp:featuredmedia":[{"embeddable":true,"href":"https:\/\/www.zina-shop.com\/index.php\/wp-json\/wp\/v2\/media\/6346"}],"wp:attachment":[{"href":"https:\/\/www.zina-shop.com\/index.php\/wp-json\/wp\/v2\/media?parent=6358"}],"wp:term":[{"taxonomy":"product_cat","embeddable":true,"href":"https:\/\/www.zina-shop.com\/index.php\/wp-json\/wp\/v2\/product_cat?post=6358"},{"taxonomy":"product_tag","embeddable":true,"href":"https:\/\/www.zina-shop.com\/index.php\/wp-json\/wp\/v2\/product_tag?post=6358"}],"curies":[{"name":"wp","href":"https:\/\/api.w.org\/{rel}","templated":true}]}}