{"id":6351,"date":"2020-10-11T15:46:21","date_gmt":"2020-10-11T13:46:21","guid":{"rendered":"https:\/\/www.zina-shop.com\/?post_type=product&#038;p=6351"},"modified":"2022-12-30T16:34:41","modified_gmt":"2022-12-30T15:34:41","slug":"badge-base-interieure-reasort","status":"publish","type":"product","link":"https:\/\/www.zina-shop.com\/index.php\/produit\/badge-base-interieure-reasort\/","title":{"rendered":"Badge base int\u00e9rieure &#8211; R\u00e9asort"},"content":{"rendered":"<p>Badge base int\u00e9rieure &#8211; R\u00e9asort<\/p>\n","protected":false},"excerpt":{"rendered":"<p><strong>Badge base int\u00e9rieure <\/strong><\/p>\n<p>R\u00e9asort de badge pour la base int\u00e9rieure du bijou de sac \u00ab\u00a0Attrape-cl\u00e9s\u00a0\u00bb<\/p>\n<p><em>Vendu \u00e0 l&rsquo;unit\u00e9<\/em><\/p>\n<p>Couleur de badges \u00ab\u00a0attrape cl\u00e9s\u00a0\u00bb: Rose &#8211; Noir &#8211; Vert &#8211; Bleu &#8211; Orange &#8211; A choisir dans le menu d\u00e9roulant<\/p>\n<p>Pour le r\u00e9assort de badges avec personnalisation du logo, cliquez ici: <a href=\"https:\/\/www.zina-shop.com\/index.php\/categorie-produit\/a-personnaliser\/attrapes-cles\/\">Badges personnalis\u00e9s<\/a><\/p>\n<p>&nbsp;<\/p>\n","protected":false},"featured_media":6284,"comment_status":"open","ping_status":"closed","template":"","meta":{"sfsi_plus_gutenberg_text_before_share":"","sfsi_plus_gutenberg_show_text_before_share":"","sfsi_plus_gutenberg_icon_type":"","sfsi_plus_gutenberg_icon_alignemt":"","sfsi_plus_gutenburg_max_per_row":""},"product_cat":[327],"product_tag":[],"class_list":["post-6351","product","type-product","status-publish","has-post-thumbnail","hentry","product_cat-attrapes-cles"],"jetpack_sharing_enabled":true,"_links":{"self":[{"href":"https:\/\/www.zina-shop.com\/index.php\/wp-json\/wp\/v2\/product\/6351","targetHints":{"allow":["GET"]}}],"collection":[{"href":"https:\/\/www.zina-shop.com\/index.php\/wp-json\/wp\/v2\/product"}],"about":[{"href":"https:\/\/www.zina-shop.com\/index.php\/wp-json\/wp\/v2\/types\/product"}],"replies":[{"embeddable":true,"href":"https:\/\/www.zina-shop.com\/index.php\/wp-json\/wp\/v2\/comments?post=6351"}],"wp:featuredmedia":[{"embeddable":true,"href":"https:\/\/www.zina-shop.com\/index.php\/wp-json\/wp\/v2\/media\/6284"}],"wp:attachment":[{"href":"https:\/\/www.zina-shop.com\/index.php\/wp-json\/wp\/v2\/media?parent=6351"}],"wp:term":[{"taxonomy":"product_cat","embeddable":true,"href":"https:\/\/www.zina-shop.com\/index.php\/wp-json\/wp\/v2\/product_cat?post=6351"},{"taxonomy":"product_tag","embeddable":true,"href":"https:\/\/www.zina-shop.com\/index.php\/wp-json\/wp\/v2\/product_tag?post=6351"}],"curies":[{"name":"wp","href":"https:\/\/api.w.org\/{rel}","templated":true}]}}