{"id":6348,"date":"2020-10-11T15:37:43","date_gmt":"2020-10-11T13:37:43","guid":{"rendered":"https:\/\/www.zina-shop.com\/?post_type=product&#038;p=6348"},"modified":"2020-10-11T15:39:32","modified_gmt":"2020-10-11T13:39:32","slug":"badge-personnalise-de-5-a-9-pieces","status":"publish","type":"product","link":"https:\/\/www.zina-shop.com\/index.php\/produit\/badge-personnalise-de-5-a-9-pieces\/","title":{"rendered":"Badge personnalis\u00e9 &#8211; de 5 \u00e0 9 pi\u00e8ces"},"content":{"rendered":"<p>Badge personnalis\u00e9 &#8211; de 5 \u00e0 9 pi\u00e8ces<\/p>\n","protected":false},"excerpt":{"rendered":"<p><strong>Personnalisation du badge &#8211; Bijoux de sac \u00ab\u00a0Attrape-cl\u00e9s\u00a0\u00bb<\/strong><\/p>\n<p>Votre logo personnalis\u00e9 sur badge 32mm<\/p>\n<p>de 5 \u00e0 9 badges<\/p>\n<p>Cr\u00e9ez votre identit\u00e9 en personnalisant le badge int\u00e9rieur de votre bijou de sac \u00ab\u00a0Attrappe-cl\u00e9s\u00a0\u00bb.<\/p>\n<p>Il suffit de nous envoyer un fichier propre avec votre logo, nous nous chargeons de le mettre sous badge.<\/p>\n<p>Un bon \u00e0 tirer vous sera syst\u00e9matiquement envoy\u00e9 pour accord avant r\u00e9alisation.<\/p>\n<p>Envoyez votre logo ici: postmaster@zina-shop.com<\/p>\n","protected":false},"featured_media":6347,"comment_status":"open","ping_status":"closed","template":"","meta":{"sfsi_plus_gutenberg_text_before_share":"","sfsi_plus_gutenberg_show_text_before_share":"","sfsi_plus_gutenberg_icon_type":"","sfsi_plus_gutenberg_icon_alignemt":"","sfsi_plus_gutenburg_max_per_row":""},"product_cat":[327],"product_tag":[],"class_list":["post-6348","product","type-product","status-publish","has-post-thumbnail","hentry","product_cat-attrapes-cles"],"jetpack_sharing_enabled":true,"_links":{"self":[{"href":"https:\/\/www.zina-shop.com\/index.php\/wp-json\/wp\/v2\/product\/6348","targetHints":{"allow":["GET"]}}],"collection":[{"href":"https:\/\/www.zina-shop.com\/index.php\/wp-json\/wp\/v2\/product"}],"about":[{"href":"https:\/\/www.zina-shop.com\/index.php\/wp-json\/wp\/v2\/types\/product"}],"replies":[{"embeddable":true,"href":"https:\/\/www.zina-shop.com\/index.php\/wp-json\/wp\/v2\/comments?post=6348"}],"wp:featuredmedia":[{"embeddable":true,"href":"https:\/\/www.zina-shop.com\/index.php\/wp-json\/wp\/v2\/media\/6347"}],"wp:attachment":[{"href":"https:\/\/www.zina-shop.com\/index.php\/wp-json\/wp\/v2\/media?parent=6348"}],"wp:term":[{"taxonomy":"product_cat","embeddable":true,"href":"https:\/\/www.zina-shop.com\/index.php\/wp-json\/wp\/v2\/product_cat?post=6348"},{"taxonomy":"product_tag","embeddable":true,"href":"https:\/\/www.zina-shop.com\/index.php\/wp-json\/wp\/v2\/product_tag?post=6348"}],"curies":[{"name":"wp","href":"https:\/\/api.w.org\/{rel}","templated":true}]}}