{"id":6283,"date":"2020-10-08T21:08:37","date_gmt":"2020-10-08T19:08:37","guid":{"rendered":"https:\/\/www.zina-shop.com\/?post_type=product&#038;p=6283"},"modified":"2023-04-13T13:15:43","modified_gmt":"2023-04-13T11:15:43","slug":"pack-a-customiser-bijou-de-sac-attrape-cles","status":"publish","type":"product","link":"https:\/\/www.zina-shop.com\/index.php\/produit\/pack-a-customiser-bijou-de-sac-attrape-cles\/","title":{"rendered":"Kit \u00e0 customiser Bijou de sac Attrape-cl\u00e9s"},"content":{"rendered":"<p>Kit \u00e0 customiser Bijou de sac Attrape-cl\u00e9s<\/p>\n","protected":false},"excerpt":{"rendered":"[video width=\"1920\" height=\"1080\" mp4=\"https:\/\/www.zina-shop.com\/wp-content\/uploads\/2020\/10\/Bijou-de-sac-attrape-cles-.mp4\"][\/video]\n<p><strong>Kit bijou de sac \u00ab\u00a0attrape-cl\u00e9s\u00a0\u00bb<br \/>\n<\/strong><\/p>\n<p><em>A customiser<\/em><\/p>\n<p>Composition:<\/p>\n<p>1 badge avec base couleur au choix ou personnalisation avec votre logo* &#8211; Acier inoxydable &#8211; Avec un aimant n\u00e9odyme tr\u00e8s puissant, 20mm de diam\u00e8tre (\u00e9paisseur 3mm) &#8211; A positionner sur la partie int\u00e9rieure\u00a0 du sac \u00e0 main &#8211; C&rsquo;est ici que les cl\u00e9s seront \u00ab\u00a0attrap\u00e9es\u00a0\u00bb.<\/p>\n<p>1 serti anneau plat de 30mm &#8211; Fer\u00a0 &#8211; Pi\u00e8ce pr\u00e9vue pour accueillir votre customisation ( m\u00e9tal clay, polym\u00e8re, verre, r\u00e9sine etc&#8230;) avec un aimant n\u00e9odyme tr\u00e8s puissant, 25mm de diam\u00e8tre (\u00e9paisseur 2mm) c&rsquo;est la partie modulable, le bijou qui vient se positionner sur l&rsquo;ext\u00e9rieur du sac \u00e0 main. L&rsquo;anneau permet d&rsquo;y acrocher des breloques.<\/p>\n<p>1 anneau porte cl\u00e9s 30mm &#8211; Fer &#8211; Toutes les cl\u00e9s n\u2019\u00e9tant pas compos\u00e9es en mati\u00e8re \u00ab aimantable \u00bb cet anneau permet d&rsquo;y mettre ses cl\u00e9s.<\/p>\n<p><em>Vendu \u00e0 l&rsquo;unit\u00e9<\/em><\/p>\n<p>Le bijou de sac \u00ab\u00a0attrape-cl\u00e9s\u00a0\u00bb est un nouvel accesssoire customisable imagin\u00e9 par Zina.<\/p>\n<p>Il cumule deux fonctions, vous apportez une touche d\u00e9co et personnelle \u00e0 votre sac \u00e0 main, sur sa partie ext\u00e9rieure, et \u00e0 l&rsquo;int\u00e9rieur vos cl\u00e9s sont \u00ab\u00a0attrap\u00e9es\u00a0\u00bb gr\u00e2ce \u00e0 l&rsquo;aimant n\u00e9odyme puissant. D\u00e9sormais, les cl\u00e9s ne se retrouvent plus perdues au fond du sac!<\/p>\n<p>Je vous conseille de vendre une base \u00e0 vos clientes (bagde int\u00e9rieur plus les deux aimants) puis proposez plusieurs bijoux de sac aimant\u00e9s afins qu&rsquo;elles puissent en changer au gr\u00e9 de leurs envies et couleurs de sac \u00e0 main!<\/p>\n<p>*Couleur de badges \u00ab\u00a0attrape cl\u00e9s\u00a0\u00bb: Rose &#8211; Noir &#8211; Vert &#8211; Bleu &#8211; Orange &#8211; A choisir dans le menu d\u00e9roulant<\/p>\n<p>*Personnalisation du logo:\u00a0 votre badge interieur avec votre logo\/marque, pour connaitre les tarifs cliquez ici: <a href=\"https:\/\/www.zina-shop.com\/index.php\/categorie-produit\/a-personnaliser\/attrapes-cles\/\">Badges personnalis\u00e9s<\/a><\/p>\n<p>&nbsp;<\/p>\n<p>&nbsp;<\/p>\n<p>&nbsp;<\/p>\n<p>&nbsp;<\/p>\n","protected":false},"featured_media":6299,"comment_status":"open","ping_status":"closed","template":"","meta":{"sfsi_plus_gutenberg_text_before_share":"","sfsi_plus_gutenberg_show_text_before_share":"","sfsi_plus_gutenberg_icon_type":"","sfsi_plus_gutenberg_icon_alignemt":"","sfsi_plus_gutenburg_max_per_row":""},"product_cat":[327],"product_tag":[],"class_list":["post-6283","product","type-product","status-publish","has-post-thumbnail","hentry","product_cat-attrapes-cles"],"jetpack_sharing_enabled":true,"_links":{"self":[{"href":"https:\/\/www.zina-shop.com\/index.php\/wp-json\/wp\/v2\/product\/6283","targetHints":{"allow":["GET"]}}],"collection":[{"href":"https:\/\/www.zina-shop.com\/index.php\/wp-json\/wp\/v2\/product"}],"about":[{"href":"https:\/\/www.zina-shop.com\/index.php\/wp-json\/wp\/v2\/types\/product"}],"replies":[{"embeddable":true,"href":"https:\/\/www.zina-shop.com\/index.php\/wp-json\/wp\/v2\/comments?post=6283"}],"wp:featuredmedia":[{"embeddable":true,"href":"https:\/\/www.zina-shop.com\/index.php\/wp-json\/wp\/v2\/media\/6299"}],"wp:attachment":[{"href":"https:\/\/www.zina-shop.com\/index.php\/wp-json\/wp\/v2\/media?parent=6283"}],"wp:term":[{"taxonomy":"product_cat","embeddable":true,"href":"https:\/\/www.zina-shop.com\/index.php\/wp-json\/wp\/v2\/product_cat?post=6283"},{"taxonomy":"product_tag","embeddable":true,"href":"https:\/\/www.zina-shop.com\/index.php\/wp-json\/wp\/v2\/product_tag?post=6283"}],"curies":[{"name":"wp","href":"https:\/\/api.w.org\/{rel}","templated":true}]}}