{"id":5555,"date":"2020-06-19T15:37:08","date_gmt":"2020-06-19T13:37:08","guid":{"rendered":"https:\/\/www.zina-shop.com\/?post_type=product&#038;p=5555"},"modified":"2020-10-03T14:32:49","modified_gmt":"2020-10-03T12:32:49","slug":"kit-cadeau-parfum-argente","status":"publish","type":"product","link":"https:\/\/www.zina-shop.com\/index.php\/produit\/kit-cadeau-parfum-argente\/","title":{"rendered":"Kit cadeau parfum &#8211; Argent\u00e9"},"content":{"rendered":"<p>Kit cadeau parfum &#8211; Argent\u00e9<\/p>\n","protected":false},"excerpt":{"rendered":"<p><strong>Kit\u00a0cadeau\u00a0parfum<\/strong><\/p>\n<p>Dimensions:12x18cm<\/p>\n<p>Argent\u00e9<\/p>\n<p>Contient:<\/p>\n<p>1 pochette argent\u00e9e<\/p>\n<p>1\u00a0spray\u00a0pour\u00a0parfum\u00a010ml<\/p>\n<p>1\u00a0roll\u00a0on\u00a0pour\u00a0parfum\u00a05ml<\/p>\n<p>1\u00a0mini\u00a0entonnoir\u00a0pour\u00a0remplir<\/p>\n<p>Peut \u00eatre recouvert de polym\u00e8re \u00ad flacon en verre pouvant passer au four \u00e0 120 degr\u00e9s.<\/p>\n<p>Attention de bien penser \u00e0 enlever le roll on et le spray en plastique avant la mise au four!<\/p>\n<p>Il est pr\u00e9f\u00e9rable d&rsquo;attendre le refroidissement avant manipulation du flacon, les chocs thermiques n&rsquo;\u00e9tant pas conseill\u00e9S pour le verre.<\/p>\n","protected":false},"featured_media":5552,"comment_status":"open","ping_status":"closed","template":"","meta":{"sfsi_plus_gutenberg_text_before_share":"","sfsi_plus_gutenberg_show_text_before_share":"","sfsi_plus_gutenberg_icon_type":"","sfsi_plus_gutenberg_icon_alignemt":"","sfsi_plus_gutenburg_max_per_row":""},"product_cat":[84],"product_tag":[],"class_list":["post-5555","product","type-product","status-publish","has-post-thumbnail","hentry","product_cat-flacons-parfum"],"jetpack_sharing_enabled":true,"_links":{"self":[{"href":"https:\/\/www.zina-shop.com\/index.php\/wp-json\/wp\/v2\/product\/5555","targetHints":{"allow":["GET"]}}],"collection":[{"href":"https:\/\/www.zina-shop.com\/index.php\/wp-json\/wp\/v2\/product"}],"about":[{"href":"https:\/\/www.zina-shop.com\/index.php\/wp-json\/wp\/v2\/types\/product"}],"replies":[{"embeddable":true,"href":"https:\/\/www.zina-shop.com\/index.php\/wp-json\/wp\/v2\/comments?post=5555"}],"wp:featuredmedia":[{"embeddable":true,"href":"https:\/\/www.zina-shop.com\/index.php\/wp-json\/wp\/v2\/media\/5552"}],"wp:attachment":[{"href":"https:\/\/www.zina-shop.com\/index.php\/wp-json\/wp\/v2\/media?parent=5555"}],"wp:term":[{"taxonomy":"product_cat","embeddable":true,"href":"https:\/\/www.zina-shop.com\/index.php\/wp-json\/wp\/v2\/product_cat?post=5555"},{"taxonomy":"product_tag","embeddable":true,"href":"https:\/\/www.zina-shop.com\/index.php\/wp-json\/wp\/v2\/product_tag?post=5555"}],"curies":[{"name":"wp","href":"https:\/\/api.w.org\/{rel}","templated":true}]}}