{"id":5545,"date":"2020-06-19T15:23:08","date_gmt":"2020-06-19T13:23:08","guid":{"rendered":"https:\/\/www.zina-shop.com\/?post_type=product&#038;p=5545"},"modified":"2024-05-23T07:10:10","modified_gmt":"2024-05-23T05:10:10","slug":"flacon-parfum-roll-on","status":"publish","type":"product","link":"https:\/\/www.zina-shop.com\/index.php\/produit\/flacon-parfum-roll-on\/","title":{"rendered":"Flacon parfum roll-on"},"content":{"rendered":"<p>Flacon parfum roll-on<\/p>\n","protected":false},"excerpt":{"rendered":"<p>Flacon\u00a0roll\u00a0on\u00a0parfum\u00a0\u00e0\u00a0personnaliser<\/p>\n<p>Verre<\/p>\n<p>Contenance:\u00a03ml<\/p>\n<p>Dimension: Hauteur 56mm \u00ad Diam\u00e8tre 15mm<\/p>\n<p>Peut \u00eatre recouvert de polym\u00e8re \u00ad flacon en verre pouvant passer au four \u00e0 120 degr\u00e9s.<\/p>\n<p>Attention de bien penser \u00e0 enlever le roll on en plastique avant la mise au four!<\/p>\n<p>Il est pr\u00e9f\u00e9rable d&rsquo;attendre le refroidissement avant manipulation du flacon, les chocs thermiques n&rsquo;\u00e9tant pas conseill\u00e9s pour le verre.<\/p>\n","protected":false},"featured_media":5546,"comment_status":"open","ping_status":"closed","template":"","meta":{"sfsi_plus_gutenberg_text_before_share":"","sfsi_plus_gutenberg_show_text_before_share":"","sfsi_plus_gutenberg_icon_type":"","sfsi_plus_gutenberg_icon_alignemt":"","sfsi_plus_gutenburg_max_per_row":""},"product_cat":[84],"product_tag":[],"class_list":["post-5545","product","type-product","status-publish","has-post-thumbnail","hentry","product_cat-flacons-parfum"],"jetpack_sharing_enabled":true,"_links":{"self":[{"href":"https:\/\/www.zina-shop.com\/index.php\/wp-json\/wp\/v2\/product\/5545","targetHints":{"allow":["GET"]}}],"collection":[{"href":"https:\/\/www.zina-shop.com\/index.php\/wp-json\/wp\/v2\/product"}],"about":[{"href":"https:\/\/www.zina-shop.com\/index.php\/wp-json\/wp\/v2\/types\/product"}],"replies":[{"embeddable":true,"href":"https:\/\/www.zina-shop.com\/index.php\/wp-json\/wp\/v2\/comments?post=5545"}],"wp:featuredmedia":[{"embeddable":true,"href":"https:\/\/www.zina-shop.com\/index.php\/wp-json\/wp\/v2\/media\/5546"}],"wp:attachment":[{"href":"https:\/\/www.zina-shop.com\/index.php\/wp-json\/wp\/v2\/media?parent=5545"}],"wp:term":[{"taxonomy":"product_cat","embeddable":true,"href":"https:\/\/www.zina-shop.com\/index.php\/wp-json\/wp\/v2\/product_cat?post=5545"},{"taxonomy":"product_tag","embeddable":true,"href":"https:\/\/www.zina-shop.com\/index.php\/wp-json\/wp\/v2\/product_tag?post=5545"}],"curies":[{"name":"wp","href":"https:\/\/api.w.org\/{rel}","templated":true}]}}