{"id":5542,"date":"2020-06-19T15:20:47","date_gmt":"2020-06-19T13:20:47","guid":{"rendered":"https:\/\/www.zina-shop.com\/?post_type=product&#038;p=5542"},"modified":"2023-03-30T16:21:45","modified_gmt":"2023-03-30T14:21:45","slug":"flacon-echantillon-parfum","status":"publish","type":"product","link":"https:\/\/www.zina-shop.com\/index.php\/produit\/flacon-echantillon-parfum\/","title":{"rendered":"Flacon \u00e9chantillon parfum"},"content":{"rendered":"<p>Flacon \u00e9chantillon parfum<\/p>\n","protected":false},"excerpt":{"rendered":"<p>Flacon \u00e9chantillon parfum \u00e0 personnaliser<\/p>\n<p>Verre<\/p>\n<p>Dimension: Hauteur 50mm \u00ad Diam\u00e8tre 5mm<\/p>\n<p>Peut \u00eatre recouvert de polym\u00e8re \u00ad flacon en verre pouvant passer au four \u00e0 120 degr\u00e9s. Il est pr\u00e9f\u00e9rable d&rsquo;attendre le refroidissement avant manipulation du flacon, les chocs thermiques n&rsquo;\u00e9tant pas conseill\u00e9s pour le verre.<\/p>\n","protected":false},"featured_media":5544,"comment_status":"open","ping_status":"closed","template":"","meta":{"sfsi_plus_gutenberg_text_before_share":"","sfsi_plus_gutenberg_show_text_before_share":"","sfsi_plus_gutenberg_icon_type":"","sfsi_plus_gutenberg_icon_alignemt":"","sfsi_plus_gutenburg_max_per_row":""},"product_cat":[84],"product_tag":[],"class_list":["post-5542","product","type-product","status-publish","has-post-thumbnail","hentry","product_cat-flacons-parfum"],"jetpack_sharing_enabled":true,"_links":{"self":[{"href":"https:\/\/www.zina-shop.com\/index.php\/wp-json\/wp\/v2\/product\/5542","targetHints":{"allow":["GET"]}}],"collection":[{"href":"https:\/\/www.zina-shop.com\/index.php\/wp-json\/wp\/v2\/product"}],"about":[{"href":"https:\/\/www.zina-shop.com\/index.php\/wp-json\/wp\/v2\/types\/product"}],"replies":[{"embeddable":true,"href":"https:\/\/www.zina-shop.com\/index.php\/wp-json\/wp\/v2\/comments?post=5542"}],"wp:featuredmedia":[{"embeddable":true,"href":"https:\/\/www.zina-shop.com\/index.php\/wp-json\/wp\/v2\/media\/5544"}],"wp:attachment":[{"href":"https:\/\/www.zina-shop.com\/index.php\/wp-json\/wp\/v2\/media?parent=5542"}],"wp:term":[{"taxonomy":"product_cat","embeddable":true,"href":"https:\/\/www.zina-shop.com\/index.php\/wp-json\/wp\/v2\/product_cat?post=5542"},{"taxonomy":"product_tag","embeddable":true,"href":"https:\/\/www.zina-shop.com\/index.php\/wp-json\/wp\/v2\/product_tag?post=5542"}],"curies":[{"name":"wp","href":"https:\/\/api.w.org\/{rel}","templated":true}]}}