{"id":5532,"date":"2020-06-19T12:22:04","date_gmt":"2020-06-19T10:22:04","guid":{"rendered":"https:\/\/www.zina-shop.com\/?post_type=product&#038;p=5532"},"modified":"2023-02-05T09:21:52","modified_gmt":"2023-02-05T08:21:52","slug":"porte-cles-decapsuleur-rectangle-65x35mm","status":"publish","type":"product","link":"https:\/\/www.zina-shop.com\/index.php\/produit\/porte-cles-decapsuleur-rectangle-65x35mm\/","title":{"rendered":"Porte cl\u00e9s d\u00e9capsuleur rectangle &#8211; 65x35mm"},"content":{"rendered":"<p>Porte cl\u00e9s d\u00e9capsuleur rectangle &#8211; 65x35mm<\/p>\n","protected":false},"excerpt":{"rendered":"<p><strong>Porte\u00a0cl\u00e9s\u00a0D\u00e9capsuleur<\/strong><\/p>\n<p>Dimensions: 65x35mm<\/p>\n<p>Surface personnalisable rectangle: 27&#215;20 mm<\/p>\n","protected":false},"featured_media":5533,"comment_status":"open","ping_status":"closed","template":"","meta":{"sfsi_plus_gutenberg_text_before_share":"","sfsi_plus_gutenberg_show_text_before_share":"","sfsi_plus_gutenberg_icon_type":"","sfsi_plus_gutenberg_icon_alignemt":"","sfsi_plus_gutenburg_max_per_row":""},"product_cat":[88],"product_tag":[],"class_list":["post-5532","product","type-product","status-publish","has-post-thumbnail","hentry","product_cat-porte-cles"],"jetpack_sharing_enabled":true,"_links":{"self":[{"href":"https:\/\/www.zina-shop.com\/index.php\/wp-json\/wp\/v2\/product\/5532","targetHints":{"allow":["GET"]}}],"collection":[{"href":"https:\/\/www.zina-shop.com\/index.php\/wp-json\/wp\/v2\/product"}],"about":[{"href":"https:\/\/www.zina-shop.com\/index.php\/wp-json\/wp\/v2\/types\/product"}],"replies":[{"embeddable":true,"href":"https:\/\/www.zina-shop.com\/index.php\/wp-json\/wp\/v2\/comments?post=5532"}],"wp:featuredmedia":[{"embeddable":true,"href":"https:\/\/www.zina-shop.com\/index.php\/wp-json\/wp\/v2\/media\/5533"}],"wp:attachment":[{"href":"https:\/\/www.zina-shop.com\/index.php\/wp-json\/wp\/v2\/media?parent=5532"}],"wp:term":[{"taxonomy":"product_cat","embeddable":true,"href":"https:\/\/www.zina-shop.com\/index.php\/wp-json\/wp\/v2\/product_cat?post=5532"},{"taxonomy":"product_tag","embeddable":true,"href":"https:\/\/www.zina-shop.com\/index.php\/wp-json\/wp\/v2\/product_tag?post=5532"}],"curies":[{"name":"wp","href":"https:\/\/api.w.org\/{rel}","templated":true}]}}