{"id":5525,"date":"2020-06-19T12:03:32","date_gmt":"2020-06-19T10:03:32","guid":{"rendered":"https:\/\/www.zina-shop.com\/?post_type=product&#038;p=5525"},"modified":"2023-02-05T09:21:51","modified_gmt":"2023-02-05T08:21:51","slug":"etui-a-cigarettes-fines-rectangulaire-100x75x10mm","status":"publish","type":"product","link":"https:\/\/www.zina-shop.com\/index.php\/produit\/etui-a-cigarettes-fines-rectangulaire-100x75x10mm\/","title":{"rendered":"Etui \u00e0 cigarettes fines rectangulaire &#8211; 100x75x10mm"},"content":{"rendered":"<p>Etui \u00e0 cigarettes fines rectangulaire &#8211; 100x75x10mm<\/p>\n","protected":false},"excerpt":{"rendered":"<p><strong>Pratique et design, l&rsquo;etui \u00e0 cigarette personnalisable<\/strong><\/p>\n<p>Mod\u00e8le: EC 4<br \/>\nDimensions: 100x75x10 mm<br \/>\nSurface personnalisable: 95x65mm<br \/>\n<strong>Mod\u00e8le pour cigarette fines<\/strong><\/p>\n<p>Ouverture lat\u00e9rale<br \/>\nM\u00e9tal argent\u00e9 et grav\u00e9 <span class=\"st\">motifs paisley<\/span>.<\/p>\n","protected":false},"featured_media":5526,"comment_status":"open","ping_status":"closed","template":"","meta":{"sfsi_plus_gutenberg_text_before_share":"","sfsi_plus_gutenberg_show_text_before_share":"","sfsi_plus_gutenberg_icon_type":"","sfsi_plus_gutenberg_icon_alignemt":"","sfsi_plus_gutenburg_max_per_row":""},"product_cat":[89],"product_tag":[],"class_list":["post-5525","product","type-product","status-publish","has-post-thumbnail","hentry","product_cat-etuis-a-cigarettes"],"jetpack_sharing_enabled":true,"_links":{"self":[{"href":"https:\/\/www.zina-shop.com\/index.php\/wp-json\/wp\/v2\/product\/5525","targetHints":{"allow":["GET"]}}],"collection":[{"href":"https:\/\/www.zina-shop.com\/index.php\/wp-json\/wp\/v2\/product"}],"about":[{"href":"https:\/\/www.zina-shop.com\/index.php\/wp-json\/wp\/v2\/types\/product"}],"replies":[{"embeddable":true,"href":"https:\/\/www.zina-shop.com\/index.php\/wp-json\/wp\/v2\/comments?post=5525"}],"wp:featuredmedia":[{"embeddable":true,"href":"https:\/\/www.zina-shop.com\/index.php\/wp-json\/wp\/v2\/media\/5526"}],"wp:attachment":[{"href":"https:\/\/www.zina-shop.com\/index.php\/wp-json\/wp\/v2\/media?parent=5525"}],"wp:term":[{"taxonomy":"product_cat","embeddable":true,"href":"https:\/\/www.zina-shop.com\/index.php\/wp-json\/wp\/v2\/product_cat?post=5525"},{"taxonomy":"product_tag","embeddable":true,"href":"https:\/\/www.zina-shop.com\/index.php\/wp-json\/wp\/v2\/product_tag?post=5525"}],"curies":[{"name":"wp","href":"https:\/\/api.w.org\/{rel}","templated":true}]}}