{"id":5511,"date":"2020-06-19T11:27:12","date_gmt":"2020-06-19T09:27:12","guid":{"rendered":"https:\/\/www.zina-shop.com\/?post_type=product&#038;p=5511"},"modified":"2024-05-23T07:10:10","modified_gmt":"2024-05-23T05:10:10","slug":"cendrier-de-poche-bronze-45mm","status":"publish","type":"product","link":"https:\/\/www.zina-shop.com\/index.php\/produit\/cendrier-de-poche-bronze-45mm\/","title":{"rendered":"Cendrier de poche Bronze- 45mm"},"content":{"rendered":"<p>Cendrier de poche Bronze- 45mm<\/p>\n","protected":false},"excerpt":{"rendered":"<p><strong>Cendrier de poche rond Bronze: 45mm<\/strong><\/p>\n<p>Surface personnalisable: 40mm<\/p>\n<p>Porte cl\u00e9s amovible sur bouton poussoir d&rsquo;ouverture. Repose cigarette int\u00e9gr\u00e9<\/p>\n","protected":false},"featured_media":5508,"comment_status":"open","ping_status":"closed","template":"","meta":{"sfsi_plus_gutenberg_text_before_share":"","sfsi_plus_gutenberg_show_text_before_share":"","sfsi_plus_gutenberg_icon_type":"","sfsi_plus_gutenberg_icon_alignemt":"","sfsi_plus_gutenburg_max_per_row":""},"product_cat":[91],"product_tag":[],"class_list":["post-5511","product","type-product","status-publish","has-post-thumbnail","hentry","product_cat-cendriers-de-poche"],"jetpack_sharing_enabled":true,"_links":{"self":[{"href":"https:\/\/www.zina-shop.com\/index.php\/wp-json\/wp\/v2\/product\/5511","targetHints":{"allow":["GET"]}}],"collection":[{"href":"https:\/\/www.zina-shop.com\/index.php\/wp-json\/wp\/v2\/product"}],"about":[{"href":"https:\/\/www.zina-shop.com\/index.php\/wp-json\/wp\/v2\/types\/product"}],"replies":[{"embeddable":true,"href":"https:\/\/www.zina-shop.com\/index.php\/wp-json\/wp\/v2\/comments?post=5511"}],"wp:featuredmedia":[{"embeddable":true,"href":"https:\/\/www.zina-shop.com\/index.php\/wp-json\/wp\/v2\/media\/5508"}],"wp:attachment":[{"href":"https:\/\/www.zina-shop.com\/index.php\/wp-json\/wp\/v2\/media?parent=5511"}],"wp:term":[{"taxonomy":"product_cat","embeddable":true,"href":"https:\/\/www.zina-shop.com\/index.php\/wp-json\/wp\/v2\/product_cat?post=5511"},{"taxonomy":"product_tag","embeddable":true,"href":"https:\/\/www.zina-shop.com\/index.php\/wp-json\/wp\/v2\/product_tag?post=5511"}],"curies":[{"name":"wp","href":"https:\/\/api.w.org\/{rel}","templated":true}]}}