{"id":5504,"date":"2020-06-19T11:18:20","date_gmt":"2020-06-19T09:18:20","guid":{"rendered":"https:\/\/www.zina-shop.com\/?post_type=product&#038;p=5504"},"modified":"2022-02-04T20:25:15","modified_gmt":"2022-02-04T19:25:15","slug":"accroche-sac-combine-miroir-45mm","status":"publish","type":"product","link":"https:\/\/www.zina-shop.com\/index.php\/produit\/accroche-sac-combine-miroir-45mm\/","title":{"rendered":"Accroche sac combin\u00e9 miroir &#8211; 45mm"},"content":{"rendered":"<p>Accroche sac combin\u00e9 miroir &#8211; 45mm<\/p>\n","protected":false},"excerpt":{"rendered":"<p><strong>Accroche\u00a0sac\u00a0rond\u00a0:\u00a045mm<\/strong><\/p>\n<p>Miroir\u00a0int\u00e9gr\u00e9<br \/>\nSurface personnalisable: 34mm<\/p>\n<p><span style=\"color: #800080\u037e;\"><strong>Emplacement pr\u00e9vu pour 14 zircons \u00e0 coller<\/strong><\/span>:<br \/>\nChoisir les Cubic Zirconia 2mm pour un effet \u00e0 ras Choisir les<br \/>\nCubic Zirconia 3mm pour un effet bomb\u00e9<\/p>\n<p>L&rsquo;accroche se replie sur elle meme (syst\u00e8me aimant\u00e9). Fond caoutchouc antid\u00e9rapant. Permet de suspendre le sac \u00e0<br \/>\nmain\u00a0partout!<\/p>\n","protected":false},"featured_media":5505,"comment_status":"open","ping_status":"closed","template":"","meta":{"sfsi_plus_gutenberg_text_before_share":"","sfsi_plus_gutenberg_show_text_before_share":"","sfsi_plus_gutenberg_icon_type":"","sfsi_plus_gutenberg_icon_alignemt":"","sfsi_plus_gutenburg_max_per_row":""},"product_cat":[94],"product_tag":[],"class_list":["post-5504","product","type-product","status-publish","has-post-thumbnail","hentry","product_cat-accroche-sacs"],"jetpack_sharing_enabled":true,"_links":{"self":[{"href":"https:\/\/www.zina-shop.com\/index.php\/wp-json\/wp\/v2\/product\/5504","targetHints":{"allow":["GET"]}}],"collection":[{"href":"https:\/\/www.zina-shop.com\/index.php\/wp-json\/wp\/v2\/product"}],"about":[{"href":"https:\/\/www.zina-shop.com\/index.php\/wp-json\/wp\/v2\/types\/product"}],"replies":[{"embeddable":true,"href":"https:\/\/www.zina-shop.com\/index.php\/wp-json\/wp\/v2\/comments?post=5504"}],"wp:featuredmedia":[{"embeddable":true,"href":"https:\/\/www.zina-shop.com\/index.php\/wp-json\/wp\/v2\/media\/5505"}],"wp:attachment":[{"href":"https:\/\/www.zina-shop.com\/index.php\/wp-json\/wp\/v2\/media?parent=5504"}],"wp:term":[{"taxonomy":"product_cat","embeddable":true,"href":"https:\/\/www.zina-shop.com\/index.php\/wp-json\/wp\/v2\/product_cat?post=5504"},{"taxonomy":"product_tag","embeddable":true,"href":"https:\/\/www.zina-shop.com\/index.php\/wp-json\/wp\/v2\/product_tag?post=5504"}],"curies":[{"name":"wp","href":"https:\/\/api.w.org\/{rel}","templated":true}]}}