{"id":5496,"date":"2020-06-19T10:52:41","date_gmt":"2020-06-19T08:52:41","guid":{"rendered":"https:\/\/www.zina-shop.com\/?post_type=product&#038;p=5496"},"modified":"2022-02-04T20:26:24","modified_gmt":"2022-02-04T19:26:24","slug":"accroche-sac-forme-sac-a-main-50x32mm","status":"publish","type":"product","link":"https:\/\/www.zina-shop.com\/index.php\/produit\/accroche-sac-forme-sac-a-main-50x32mm\/","title":{"rendered":"Accroche sac forme sac \u00e0 main &#8211; 50x32mm"},"content":{"rendered":"<p>Accroche sac forme sac \u00e0 main &#8211; 50x32mm<\/p>\n","protected":false},"excerpt":{"rendered":"<p><strong>Accroche sac m\u00e9tal forme sac \u00e0 main: 52x50mm<\/strong><\/p>\n<p>Personalisable<\/p>\n<p><span style=\"color: #800080\u037e;\">Emplacement pr\u00e9vu pour 1 zircon \u00e0 coller:<\/span><\/p>\n<p>Choisir les Cubic Zirconia 4mm pour un effet \u00e0 ras<\/p>\n<p>Choisir les Cubic Zirconia 5mm pour un effet bomb\u00e9<\/p>\n<p>L&rsquo;accroche sac se replie sur lui m\u00eame (syst\u00e8me aimant\u00e9). Fond caoutchouc antid\u00e9rapant. Permet de suspendre le sac \u00e0 main partout!<\/p>\n","protected":false},"featured_media":5497,"comment_status":"open","ping_status":"closed","template":"","meta":{"sfsi_plus_gutenberg_text_before_share":"","sfsi_plus_gutenberg_show_text_before_share":"","sfsi_plus_gutenberg_icon_type":"","sfsi_plus_gutenberg_icon_alignemt":"","sfsi_plus_gutenburg_max_per_row":""},"product_cat":[94],"product_tag":[],"class_list":["post-5496","product","type-product","status-publish","has-post-thumbnail","hentry","product_cat-accroche-sacs"],"jetpack_sharing_enabled":true,"_links":{"self":[{"href":"https:\/\/www.zina-shop.com\/index.php\/wp-json\/wp\/v2\/product\/5496","targetHints":{"allow":["GET"]}}],"collection":[{"href":"https:\/\/www.zina-shop.com\/index.php\/wp-json\/wp\/v2\/product"}],"about":[{"href":"https:\/\/www.zina-shop.com\/index.php\/wp-json\/wp\/v2\/types\/product"}],"replies":[{"embeddable":true,"href":"https:\/\/www.zina-shop.com\/index.php\/wp-json\/wp\/v2\/comments?post=5496"}],"wp:featuredmedia":[{"embeddable":true,"href":"https:\/\/www.zina-shop.com\/index.php\/wp-json\/wp\/v2\/media\/5497"}],"wp:attachment":[{"href":"https:\/\/www.zina-shop.com\/index.php\/wp-json\/wp\/v2\/media?parent=5496"}],"wp:term":[{"taxonomy":"product_cat","embeddable":true,"href":"https:\/\/www.zina-shop.com\/index.php\/wp-json\/wp\/v2\/product_cat?post=5496"},{"taxonomy":"product_tag","embeddable":true,"href":"https:\/\/www.zina-shop.com\/index.php\/wp-json\/wp\/v2\/product_tag?post=5496"}],"curies":[{"name":"wp","href":"https:\/\/api.w.org\/{rel}","templated":true}]}}