{"id":5491,"date":"2020-06-19T10:52:20","date_gmt":"2020-06-19T08:52:20","guid":{"rendered":"https:\/\/www.zina-shop.com\/?post_type=product&#038;p=5491"},"modified":"2022-09-04T16:42:07","modified_gmt":"2022-09-04T14:42:07","slug":"accroche-sac-fleur-luxe-45mm","status":"publish","type":"product","link":"https:\/\/www.zina-shop.com\/index.php\/produit\/accroche-sac-fleur-luxe-45mm\/","title":{"rendered":"Accroche sac fleur luxe &#8211; 45mm"},"content":{"rendered":"<p>Accroche sac fleur luxe &#8211; 45mm<\/p>\n","protected":false},"excerpt":{"rendered":"<p><strong>Accroche sac m\u00e9tal fleur luxe: 45mm<\/strong><\/p>\n<p>Surface\u00a0personalisable:\u00a035mm<\/p>\n<p>L&rsquo;accroche sac se replie sur lui m\u00eame (syst\u00e8me aimant\u00e9). Fond caoutchouc antid\u00e9rapant. permet de suspendre le sac \u00e0 main partout!<\/p>\n","protected":false},"featured_media":5492,"comment_status":"open","ping_status":"closed","template":"","meta":{"sfsi_plus_gutenberg_text_before_share":"","sfsi_plus_gutenberg_show_text_before_share":"","sfsi_plus_gutenberg_icon_type":"","sfsi_plus_gutenberg_icon_alignemt":"","sfsi_plus_gutenburg_max_per_row":""},"product_cat":[94],"product_tag":[],"class_list":["post-5491","product","type-product","status-publish","has-post-thumbnail","hentry","product_cat-accroche-sacs"],"jetpack_sharing_enabled":true,"_links":{"self":[{"href":"https:\/\/www.zina-shop.com\/index.php\/wp-json\/wp\/v2\/product\/5491","targetHints":{"allow":["GET"]}}],"collection":[{"href":"https:\/\/www.zina-shop.com\/index.php\/wp-json\/wp\/v2\/product"}],"about":[{"href":"https:\/\/www.zina-shop.com\/index.php\/wp-json\/wp\/v2\/types\/product"}],"replies":[{"embeddable":true,"href":"https:\/\/www.zina-shop.com\/index.php\/wp-json\/wp\/v2\/comments?post=5491"}],"wp:featuredmedia":[{"embeddable":true,"href":"https:\/\/www.zina-shop.com\/index.php\/wp-json\/wp\/v2\/media\/5492"}],"wp:attachment":[{"href":"https:\/\/www.zina-shop.com\/index.php\/wp-json\/wp\/v2\/media?parent=5491"}],"wp:term":[{"taxonomy":"product_cat","embeddable":true,"href":"https:\/\/www.zina-shop.com\/index.php\/wp-json\/wp\/v2\/product_cat?post=5491"},{"taxonomy":"product_tag","embeddable":true,"href":"https:\/\/www.zina-shop.com\/index.php\/wp-json\/wp\/v2\/product_tag?post=5491"}],"curies":[{"name":"wp","href":"https:\/\/api.w.org\/{rel}","templated":true}]}}