{"id":5412,"date":"2020-06-18T13:57:07","date_gmt":"2020-06-18T11:57:07","guid":{"rendered":"https:\/\/www.zina-shop.com\/?post_type=product&#038;p=5412"},"modified":"2024-02-12T11:36:13","modified_gmt":"2024-02-12T10:36:13","slug":"bobines-pour-kumihimo-par-1","status":"publish","type":"product","link":"https:\/\/www.zina-shop.com\/index.php\/produit\/bobines-pour-kumihimo-par-1\/","title":{"rendered":"Bobines pour kumihimo &#8211; par 1"},"content":{"rendered":"<p>Bobines pour kumihimo &#8211; par 1<\/p>\n","protected":false},"excerpt":{"rendered":"<p><strong>Bobine\u00a0pour\u00a0kumihimo<\/strong><\/p>\n<p>Diam\u00e8tre:\u00a050mm<\/p>\n<p>Bobines en caoutchouc souple, permet de maintenir les fils bien tendus et \u00e9galement d&rsquo;\u00e9viter qu&rsquo;ils s&#8217;emm\u00ealent lors de votre tissage<\/p>\n<p>Tr\u00e8s\u00a0facile\u00a0d&rsquo;utilisation\u00a0un\u00a0outil\u00a0bien\u00a0utile<\/p>\n<p><em><span style=\"color: #993366\u037e;\">Vendu \u00e0 l&rsquo;unit\u00e9<\/span><\/em><\/p>\n","protected":false},"featured_media":5410,"comment_status":"open","ping_status":"closed","template":"","meta":{"sfsi_plus_gutenberg_text_before_share":"","sfsi_plus_gutenberg_show_text_before_share":"","sfsi_plus_gutenberg_icon_type":"","sfsi_plus_gutenberg_icon_alignemt":"","sfsi_plus_gutenburg_max_per_row":""},"product_cat":[74],"product_tag":[],"class_list":["post-5412","product","type-product","status-publish","has-post-thumbnail","hentry","product_cat-tressage"],"jetpack_sharing_enabled":true,"_links":{"self":[{"href":"https:\/\/www.zina-shop.com\/index.php\/wp-json\/wp\/v2\/product\/5412","targetHints":{"allow":["GET"]}}],"collection":[{"href":"https:\/\/www.zina-shop.com\/index.php\/wp-json\/wp\/v2\/product"}],"about":[{"href":"https:\/\/www.zina-shop.com\/index.php\/wp-json\/wp\/v2\/types\/product"}],"replies":[{"embeddable":true,"href":"https:\/\/www.zina-shop.com\/index.php\/wp-json\/wp\/v2\/comments?post=5412"}],"wp:featuredmedia":[{"embeddable":true,"href":"https:\/\/www.zina-shop.com\/index.php\/wp-json\/wp\/v2\/media\/5410"}],"wp:attachment":[{"href":"https:\/\/www.zina-shop.com\/index.php\/wp-json\/wp\/v2\/media?parent=5412"}],"wp:term":[{"taxonomy":"product_cat","embeddable":true,"href":"https:\/\/www.zina-shop.com\/index.php\/wp-json\/wp\/v2\/product_cat?post=5412"},{"taxonomy":"product_tag","embeddable":true,"href":"https:\/\/www.zina-shop.com\/index.php\/wp-json\/wp\/v2\/product_tag?post=5412"}],"curies":[{"name":"wp","href":"https:\/\/api.w.org\/{rel}","templated":true}]}}