{"id":5409,"date":"2020-06-18T13:52:46","date_gmt":"2020-06-18T11:52:46","guid":{"rendered":"https:\/\/www.zina-shop.com\/?post_type=product&#038;p=5409"},"modified":"2023-04-13T08:34:26","modified_gmt":"2023-04-13T06:34:26","slug":"kumihimo-carre-instructions-par-1","status":"publish","type":"product","link":"https:\/\/www.zina-shop.com\/index.php\/produit\/kumihimo-carre-instructions-par-1\/","title":{"rendered":"Kumihimo carr\u00e9 + instructions &#8211; par 1"},"content":{"rendered":"<p>Kumihimo carr\u00e9 + instructions &#8211; par 1<\/p>\n","protected":false},"excerpt":{"rendered":"<p><strong>Kumihimo disque carr\u00e9<br \/>\n<\/strong><\/p>\n<p>Dimensions: 14cm<\/p>\n<p>Le\u00a0Kumihimo\u00a0est\u00a0un\u00a0art\u00a0du\u00a0tressage\u00a0japonais.<\/p>\n<p><strong><span style=\"color: #993366\u037e;\">Pour r\u00e9aliser un tressage plat<br \/>\n<\/span><\/strong><\/p>\n<p>Grace \u00e0 ce disque, ce type tressage est \u00e0 la port\u00e9e de tout le monde, m\u00eame les enfants. Il peut \u00eatre utilis\u00e9 avec une multitude de cordons, fils, rubans etc&#8230;<\/p>\n<p>Sublimez vos bijoux avec une personalisation jusqu&rsquo;au bout du fil!<\/p>\n","protected":false},"featured_media":5411,"comment_status":"open","ping_status":"closed","template":"","meta":{"sfsi_plus_gutenberg_text_before_share":"","sfsi_plus_gutenberg_show_text_before_share":"","sfsi_plus_gutenberg_icon_type":"","sfsi_plus_gutenberg_icon_alignemt":"","sfsi_plus_gutenburg_max_per_row":""},"product_cat":[74],"product_tag":[],"class_list":["post-5409","product","type-product","status-publish","has-post-thumbnail","hentry","product_cat-tressage"],"jetpack_sharing_enabled":true,"_links":{"self":[{"href":"https:\/\/www.zina-shop.com\/index.php\/wp-json\/wp\/v2\/product\/5409","targetHints":{"allow":["GET"]}}],"collection":[{"href":"https:\/\/www.zina-shop.com\/index.php\/wp-json\/wp\/v2\/product"}],"about":[{"href":"https:\/\/www.zina-shop.com\/index.php\/wp-json\/wp\/v2\/types\/product"}],"replies":[{"embeddable":true,"href":"https:\/\/www.zina-shop.com\/index.php\/wp-json\/wp\/v2\/comments?post=5409"}],"wp:featuredmedia":[{"embeddable":true,"href":"https:\/\/www.zina-shop.com\/index.php\/wp-json\/wp\/v2\/media\/5411"}],"wp:attachment":[{"href":"https:\/\/www.zina-shop.com\/index.php\/wp-json\/wp\/v2\/media?parent=5409"}],"wp:term":[{"taxonomy":"product_cat","embeddable":true,"href":"https:\/\/www.zina-shop.com\/index.php\/wp-json\/wp\/v2\/product_cat?post=5409"},{"taxonomy":"product_tag","embeddable":true,"href":"https:\/\/www.zina-shop.com\/index.php\/wp-json\/wp\/v2\/product_tag?post=5409"}],"curies":[{"name":"wp","href":"https:\/\/api.w.org\/{rel}","templated":true}]}}