{"id":5346,"date":"2020-06-18T11:48:59","date_gmt":"2020-06-18T09:48:59","guid":{"rendered":"https:\/\/www.zina-shop.com\/?post_type=product&#038;p=5346"},"modified":"2022-02-04T20:07:32","modified_gmt":"2022-02-04T19:07:32","slug":"ruban-dentelle-elastique-25mm-noir-par-20cm","status":"publish","type":"product","link":"https:\/\/www.zina-shop.com\/index.php\/produit\/ruban-dentelle-elastique-25mm-noir-par-20cm\/","title":{"rendered":"Ruban dentelle \u00e9lastique 25mm Noir par 20cm"},"content":{"rendered":"<p>Ruban dentelle \u00e9lastique 25mm Noir par 20cm<\/p>\n","protected":false},"excerpt":{"rendered":"<p><strong>Ruban\u00a0dentelle\u00a0\u00e9lastique\u00a0\u00ad\u00a0Noir<\/strong><\/p>\n<p>Largeur: 25mm<\/p>\n<p>Vendu par multiple de 20cm, si vous souhaitez 1 m\u00e8tre tapez x5 dans la quantit\u00e9, le ruban est coup\u00e9 \u00e0 la demande.<\/p>\n<p><span style=\"color: #800080\u037e;\"><em>Par 20cm<\/em><\/span><\/p>\n<p>Tr\u00e8s belle dentelle pour r\u00e9alisation de bracelets, tour de cou ou pour customiser des v\u00eatements.<\/p>\n","protected":false},"featured_media":5347,"comment_status":"open","ping_status":"closed","template":"","meta":{"sfsi_plus_gutenberg_text_before_share":"","sfsi_plus_gutenberg_show_text_before_share":"","sfsi_plus_gutenberg_icon_type":"","sfsi_plus_gutenberg_icon_alignemt":"","sfsi_plus_gutenburg_max_per_row":""},"product_cat":[76],"product_tag":[],"class_list":["post-5346","product","type-product","status-publish","has-post-thumbnail","hentry","product_cat-rubans"],"jetpack_sharing_enabled":true,"_links":{"self":[{"href":"https:\/\/www.zina-shop.com\/index.php\/wp-json\/wp\/v2\/product\/5346","targetHints":{"allow":["GET"]}}],"collection":[{"href":"https:\/\/www.zina-shop.com\/index.php\/wp-json\/wp\/v2\/product"}],"about":[{"href":"https:\/\/www.zina-shop.com\/index.php\/wp-json\/wp\/v2\/types\/product"}],"replies":[{"embeddable":true,"href":"https:\/\/www.zina-shop.com\/index.php\/wp-json\/wp\/v2\/comments?post=5346"}],"wp:featuredmedia":[{"embeddable":true,"href":"https:\/\/www.zina-shop.com\/index.php\/wp-json\/wp\/v2\/media\/5347"}],"wp:attachment":[{"href":"https:\/\/www.zina-shop.com\/index.php\/wp-json\/wp\/v2\/media?parent=5346"}],"wp:term":[{"taxonomy":"product_cat","embeddable":true,"href":"https:\/\/www.zina-shop.com\/index.php\/wp-json\/wp\/v2\/product_cat?post=5346"},{"taxonomy":"product_tag","embeddable":true,"href":"https:\/\/www.zina-shop.com\/index.php\/wp-json\/wp\/v2\/product_tag?post=5346"}],"curies":[{"name":"wp","href":"https:\/\/api.w.org\/{rel}","templated":true}]}}