{"id":5341,"date":"2020-06-18T11:26:25","date_gmt":"2020-06-18T09:26:25","guid":{"rendered":"https:\/\/www.zina-shop.com\/?post_type=product&#038;p=5341"},"modified":"2024-10-16T14:39:09","modified_gmt":"2024-10-16T12:39:09","slug":"fermoir-en-3-parties-pour-fil-cable","status":"publish","type":"product","link":"https:\/\/www.zina-shop.com\/index.php\/produit\/fermoir-en-3-parties-pour-fil-cable\/","title":{"rendered":"Fermoir en 3 parties pour fil c\u00e2bl\u00e9"},"content":{"rendered":"<p>Fermoir en 3 parties pour fil c\u00e2bl\u00e9<\/p>\n","protected":false},"excerpt":{"rendered":"<p><strong>Fermoir en 3 partie pour fils cabl\u00e9<\/strong><\/p>\n<p>Compatibles avec leS fils cabl\u00e9 1mm et 0.8mm<\/p>\n<p>Composition: m\u00e9tal<br \/>\nSans nickel<\/p>\n<p>Dimention: 13mm<\/p>\n<p><em>Sachet de 3 pi\u00e8ces pour 1 fermoir<\/em><\/p>\n","protected":false},"featured_media":5343,"comment_status":"open","ping_status":"closed","template":"","meta":{"sfsi_plus_gutenberg_text_before_share":"","sfsi_plus_gutenberg_show_text_before_share":"","sfsi_plus_gutenberg_icon_type":"","sfsi_plus_gutenberg_icon_alignemt":"","sfsi_plus_gutenburg_max_per_row":""},"product_cat":[78],"product_tag":[],"class_list":["post-5341","product","type-product","status-publish","has-post-thumbnail","hentry","product_cat-cables"],"jetpack_sharing_enabled":true,"_links":{"self":[{"href":"https:\/\/www.zina-shop.com\/index.php\/wp-json\/wp\/v2\/product\/5341","targetHints":{"allow":["GET"]}}],"collection":[{"href":"https:\/\/www.zina-shop.com\/index.php\/wp-json\/wp\/v2\/product"}],"about":[{"href":"https:\/\/www.zina-shop.com\/index.php\/wp-json\/wp\/v2\/types\/product"}],"replies":[{"embeddable":true,"href":"https:\/\/www.zina-shop.com\/index.php\/wp-json\/wp\/v2\/comments?post=5341"}],"wp:featuredmedia":[{"embeddable":true,"href":"https:\/\/www.zina-shop.com\/index.php\/wp-json\/wp\/v2\/media\/5343"}],"wp:attachment":[{"href":"https:\/\/www.zina-shop.com\/index.php\/wp-json\/wp\/v2\/media?parent=5341"}],"wp:term":[{"taxonomy":"product_cat","embeddable":true,"href":"https:\/\/www.zina-shop.com\/index.php\/wp-json\/wp\/v2\/product_cat?post=5341"},{"taxonomy":"product_tag","embeddable":true,"href":"https:\/\/www.zina-shop.com\/index.php\/wp-json\/wp\/v2\/product_tag?post=5341"}],"curies":[{"name":"wp","href":"https:\/\/api.w.org\/{rel}","templated":true}]}}