{"id":5321,"date":"2020-06-18T11:05:37","date_gmt":"2020-06-18T09:05:37","guid":{"rendered":"https:\/\/www.zina-shop.com\/?post_type=product&#038;p=5321"},"modified":"2022-02-04T19:59:02","modified_gmt":"2022-02-04T18:59:02","slug":"fil-cable-0-45-mm-gris-rouleau-denviron-10-metres","status":"publish","type":"product","link":"https:\/\/www.zina-shop.com\/index.php\/produit\/fil-cable-0-45-mm-gris-rouleau-denviron-10-metres\/","title":{"rendered":"Fil c\u00e2bl\u00e9 0.45 mm Gris Rouleau d&rsquo;environ 10 m\u00e8tres"},"content":{"rendered":"<p>Fil c\u00e2bl\u00e9 0.45 mm Gris Rouleau d&rsquo;environ 10 m\u00e8tres<\/p>\n","protected":false},"excerpt":{"rendered":"<p><strong>Fil c\u00e2bl\u00e9 0,45mm de diam\u00e8tre<\/strong><\/p>\n<p>M\u00e9tal plastifi\u00e9 gris. Tr\u00e8s r\u00e9sistant, bonne tenue autour du cou<\/p>\n<p><em>Paquet de 10 m\u00e8tres environ<\/em><\/p>\n<p>&nbsp;<\/p>\n","protected":false},"featured_media":5322,"comment_status":"open","ping_status":"closed","template":"","meta":{"sfsi_plus_gutenberg_text_before_share":"","sfsi_plus_gutenberg_show_text_before_share":"","sfsi_plus_gutenberg_icon_type":"","sfsi_plus_gutenberg_icon_alignemt":"","sfsi_plus_gutenburg_max_per_row":""},"product_cat":[78],"product_tag":[],"class_list":["post-5321","product","type-product","status-publish","has-post-thumbnail","hentry","product_cat-cables"],"jetpack_sharing_enabled":true,"_links":{"self":[{"href":"https:\/\/www.zina-shop.com\/index.php\/wp-json\/wp\/v2\/product\/5321","targetHints":{"allow":["GET"]}}],"collection":[{"href":"https:\/\/www.zina-shop.com\/index.php\/wp-json\/wp\/v2\/product"}],"about":[{"href":"https:\/\/www.zina-shop.com\/index.php\/wp-json\/wp\/v2\/types\/product"}],"replies":[{"embeddable":true,"href":"https:\/\/www.zina-shop.com\/index.php\/wp-json\/wp\/v2\/comments?post=5321"}],"wp:featuredmedia":[{"embeddable":true,"href":"https:\/\/www.zina-shop.com\/index.php\/wp-json\/wp\/v2\/media\/5322"}],"wp:attachment":[{"href":"https:\/\/www.zina-shop.com\/index.php\/wp-json\/wp\/v2\/media?parent=5321"}],"wp:term":[{"taxonomy":"product_cat","embeddable":true,"href":"https:\/\/www.zina-shop.com\/index.php\/wp-json\/wp\/v2\/product_cat?post=5321"},{"taxonomy":"product_tag","embeddable":true,"href":"https:\/\/www.zina-shop.com\/index.php\/wp-json\/wp\/v2\/product_tag?post=5321"}],"curies":[{"name":"wp","href":"https:\/\/api.w.org\/{rel}","templated":true}]}}