{"id":5319,"date":"2020-06-18T10:50:04","date_gmt":"2020-06-18T08:50:04","guid":{"rendered":"https:\/\/www.zina-shop.com\/?post_type=product&#038;p=5319"},"modified":"2025-05-24T22:17:04","modified_gmt":"2025-05-24T20:17:04","slug":"fil-cable-1-mm-noir-rouleau-denviron-8-metres","status":"publish","type":"product","link":"https:\/\/www.zina-shop.com\/index.php\/produit\/fil-cable-1-mm-noir-rouleau-denviron-8-metres\/","title":{"rendered":"Fil c\u00e2bl\u00e9 1 mm Noir Rouleau d&rsquo;environ 8 m\u00e8tres"},"content":{"rendered":"<p>Fil c\u00e2bl\u00e9 1 mm Noir Rouleau d&rsquo;environ 8 m\u00e8tres<\/p>\n","protected":false},"excerpt":{"rendered":"<p><strong>Fil c\u00e2bl\u00e9 1mm de diam\u00e8tre<\/strong><\/p>\n<p>M\u00e9tal noir plastifi\u00e9. Tr\u00e8s r\u00e9sistant, bonne tenue autour du cou<\/p>\n<p>Paquet de 8 m\u00e8tres environ<\/p>\n<p>Compatible avec les fermoirs en 3 parties pour fils c\u00e2bl\u00e9s<\/p>\n","protected":false},"featured_media":5320,"comment_status":"open","ping_status":"closed","template":"","meta":{"sfsi_plus_gutenberg_text_before_share":"","sfsi_plus_gutenberg_show_text_before_share":"","sfsi_plus_gutenberg_icon_type":"","sfsi_plus_gutenberg_icon_alignemt":"","sfsi_plus_gutenburg_max_per_row":""},"product_cat":[78],"product_tag":[],"class_list":["post-5319","product","type-product","status-publish","has-post-thumbnail","hentry","product_cat-cables"],"jetpack_sharing_enabled":true,"_links":{"self":[{"href":"https:\/\/www.zina-shop.com\/index.php\/wp-json\/wp\/v2\/product\/5319","targetHints":{"allow":["GET"]}}],"collection":[{"href":"https:\/\/www.zina-shop.com\/index.php\/wp-json\/wp\/v2\/product"}],"about":[{"href":"https:\/\/www.zina-shop.com\/index.php\/wp-json\/wp\/v2\/types\/product"}],"replies":[{"embeddable":true,"href":"https:\/\/www.zina-shop.com\/index.php\/wp-json\/wp\/v2\/comments?post=5319"}],"wp:featuredmedia":[{"embeddable":true,"href":"https:\/\/www.zina-shop.com\/index.php\/wp-json\/wp\/v2\/media\/5320"}],"wp:attachment":[{"href":"https:\/\/www.zina-shop.com\/index.php\/wp-json\/wp\/v2\/media?parent=5319"}],"wp:term":[{"taxonomy":"product_cat","embeddable":true,"href":"https:\/\/www.zina-shop.com\/index.php\/wp-json\/wp\/v2\/product_cat?post=5319"},{"taxonomy":"product_tag","embeddable":true,"href":"https:\/\/www.zina-shop.com\/index.php\/wp-json\/wp\/v2\/product_tag?post=5319"}],"curies":[{"name":"wp","href":"https:\/\/api.w.org\/{rel}","templated":true}]}}