{"id":5316,"date":"2020-06-18T10:45:43","date_gmt":"2020-06-18T08:45:43","guid":{"rendered":"https:\/\/www.zina-shop.com\/?post_type=product&#038;p=5316"},"modified":"2024-10-16T14:39:09","modified_gmt":"2024-10-16T12:39:09","slug":"fil-cable-1-mm-argente-rouleau-denviron-8-metres","status":"publish","type":"product","link":"https:\/\/www.zina-shop.com\/index.php\/produit\/fil-cable-1-mm-argente-rouleau-denviron-8-metres\/","title":{"rendered":"Fil c\u00e2bl\u00e9 1 mm Argent\u00e9 Rouleau d&rsquo;environ 8 m\u00e8tres"},"content":{"rendered":"<p>Fil c\u00e2bl\u00e9 1 mm Argent\u00e9 Rouleau d&rsquo;environ 8 m\u00e8tres<\/p>\n","protected":false},"excerpt":{"rendered":"<p><strong>Fil\u00a0c\u00e2bl\u00e9\u00a01mm\u00a0de\u00a0diam\u00e8tre<\/strong><\/p>\n<p>M\u00e9tal plastifi\u00e9. Tr\u00e8s r\u00e9sistant, bonne tenue autour du cou<\/p>\n<p>Paquet de 0.80 m\u00e8tres environ<\/p>\n<p>Compatible avec les fermoirs en 3 parties pour fils c\u00e2bl\u00e9s<\/p>\n","protected":false},"featured_media":5317,"comment_status":"open","ping_status":"closed","template":"","meta":{"sfsi_plus_gutenberg_text_before_share":"","sfsi_plus_gutenberg_show_text_before_share":"","sfsi_plus_gutenberg_icon_type":"","sfsi_plus_gutenberg_icon_alignemt":"","sfsi_plus_gutenburg_max_per_row":""},"product_cat":[78],"product_tag":[],"class_list":["post-5316","product","type-product","status-publish","has-post-thumbnail","hentry","product_cat-cables"],"jetpack_sharing_enabled":true,"_links":{"self":[{"href":"https:\/\/www.zina-shop.com\/index.php\/wp-json\/wp\/v2\/product\/5316","targetHints":{"allow":["GET"]}}],"collection":[{"href":"https:\/\/www.zina-shop.com\/index.php\/wp-json\/wp\/v2\/product"}],"about":[{"href":"https:\/\/www.zina-shop.com\/index.php\/wp-json\/wp\/v2\/types\/product"}],"replies":[{"embeddable":true,"href":"https:\/\/www.zina-shop.com\/index.php\/wp-json\/wp\/v2\/comments?post=5316"}],"wp:featuredmedia":[{"embeddable":true,"href":"https:\/\/www.zina-shop.com\/index.php\/wp-json\/wp\/v2\/media\/5317"}],"wp:attachment":[{"href":"https:\/\/www.zina-shop.com\/index.php\/wp-json\/wp\/v2\/media?parent=5316"}],"wp:term":[{"taxonomy":"product_cat","embeddable":true,"href":"https:\/\/www.zina-shop.com\/index.php\/wp-json\/wp\/v2\/product_cat?post=5316"},{"taxonomy":"product_tag","embeddable":true,"href":"https:\/\/www.zina-shop.com\/index.php\/wp-json\/wp\/v2\/product_tag?post=5316"}],"curies":[{"name":"wp","href":"https:\/\/api.w.org\/{rel}","templated":true}]}}