{"id":5309,"date":"2020-06-18T10:28:38","date_gmt":"2020-06-18T08:28:38","guid":{"rendered":"https:\/\/www.zina-shop.com\/?post_type=product&#038;p=5309"},"modified":"2022-02-04T20:01:23","modified_gmt":"2022-02-04T19:01:23","slug":"torque-plate-rigide-metal-argente-14-15cm","status":"publish","type":"product","link":"https:\/\/www.zina-shop.com\/index.php\/produit\/torque-plate-rigide-metal-argente-14-15cm\/","title":{"rendered":"Torque plate rigide m\u00e9tal argent\u00e9 14* 15cm"},"content":{"rendered":"<p>Torque plate rigide m\u00e9tal argent\u00e9 14* 15cm<\/p>\n","protected":false},"excerpt":{"rendered":"<p><strong>Torque\u00a0M\u00e9tal\u00a0argent\u00e9\u00a0plate<\/strong><\/p>\n<p>Tour de cou rigide : 14*15cm<\/p>\n<p><em>Vendu \u00e0 l&rsquo;unit\u00e9<\/em><\/p>\n","protected":false},"featured_media":5311,"comment_status":"open","ping_status":"closed","template":"","meta":{"sfsi_plus_gutenberg_text_before_share":"","sfsi_plus_gutenberg_show_text_before_share":"","sfsi_plus_gutenberg_icon_type":"","sfsi_plus_gutenberg_icon_alignemt":"","sfsi_plus_gutenburg_max_per_row":""},"product_cat":[77],"product_tag":[],"class_list":["post-5309","product","type-product","status-publish","has-post-thumbnail","hentry","product_cat-torques"],"jetpack_sharing_enabled":true,"_links":{"self":[{"href":"https:\/\/www.zina-shop.com\/index.php\/wp-json\/wp\/v2\/product\/5309","targetHints":{"allow":["GET"]}}],"collection":[{"href":"https:\/\/www.zina-shop.com\/index.php\/wp-json\/wp\/v2\/product"}],"about":[{"href":"https:\/\/www.zina-shop.com\/index.php\/wp-json\/wp\/v2\/types\/product"}],"replies":[{"embeddable":true,"href":"https:\/\/www.zina-shop.com\/index.php\/wp-json\/wp\/v2\/comments?post=5309"}],"wp:featuredmedia":[{"embeddable":true,"href":"https:\/\/www.zina-shop.com\/index.php\/wp-json\/wp\/v2\/media\/5311"}],"wp:attachment":[{"href":"https:\/\/www.zina-shop.com\/index.php\/wp-json\/wp\/v2\/media?parent=5309"}],"wp:term":[{"taxonomy":"product_cat","embeddable":true,"href":"https:\/\/www.zina-shop.com\/index.php\/wp-json\/wp\/v2\/product_cat?post=5309"},{"taxonomy":"product_tag","embeddable":true,"href":"https:\/\/www.zina-shop.com\/index.php\/wp-json\/wp\/v2\/product_tag?post=5309"}],"curies":[{"name":"wp","href":"https:\/\/api.w.org\/{rel}","templated":true}]}}