{"id":5265,"date":"2020-06-17T16:45:10","date_gmt":"2020-06-17T14:45:10","guid":{"rendered":"https:\/\/www.zina-shop.com\/?post_type=product&#038;p=5265"},"modified":"2022-02-04T19:50:01","modified_gmt":"2022-02-04T18:50:01","slug":"fil-nylon-tresse-peche-1mm-26m","status":"publish","type":"product","link":"https:\/\/www.zina-shop.com\/index.php\/produit\/fil-nylon-tresse-peche-1mm-26m\/","title":{"rendered":"Fil nylon tress\u00e9 P\u00eache 1mm 26m"},"content":{"rendered":"<p>Fil nylon tress\u00e9 P\u00eache 1mm 26m<\/p>\n","protected":false},"excerpt":{"rendered":"<div id=\"idTab1\" class=\"rte\">\n<div id=\"idTab1\" class=\"rte\">\n<p><strong>Fil\u00a0nylon\u00a0tress\u00e9\u00a01mm<\/strong><\/p>\n<p>P\u00eache<\/p>\n<p>Echeveau\u00a0de\u00a026m<\/p>\n<p>Fil nylon , tr\u00e8s r\u00e9sistant, id\u00e9al pour cr\u00e9er les bracelets Shamballa et le tressage Kumihimo<\/p>\n<\/div>\n<p><em><span style=\"color: #800080\u037e;\">Vendu\u00a0\u00e0\u00a0l&rsquo;unit\u00e9<\/span><\/em><\/p>\n<\/div>\n","protected":false},"featured_media":5243,"comment_status":"open","ping_status":"closed","template":"","meta":{"sfsi_plus_gutenberg_text_before_share":"","sfsi_plus_gutenberg_show_text_before_share":"","sfsi_plus_gutenberg_icon_type":"","sfsi_plus_gutenberg_icon_alignemt":"","sfsi_plus_gutenburg_max_per_row":""},"product_cat":[261],"product_tag":[],"class_list":["post-5265","product","type-product","status-publish","has-post-thumbnail","hentry","product_cat-nylon-1-mm"],"jetpack_sharing_enabled":true,"_links":{"self":[{"href":"https:\/\/www.zina-shop.com\/index.php\/wp-json\/wp\/v2\/product\/5265","targetHints":{"allow":["GET"]}}],"collection":[{"href":"https:\/\/www.zina-shop.com\/index.php\/wp-json\/wp\/v2\/product"}],"about":[{"href":"https:\/\/www.zina-shop.com\/index.php\/wp-json\/wp\/v2\/types\/product"}],"replies":[{"embeddable":true,"href":"https:\/\/www.zina-shop.com\/index.php\/wp-json\/wp\/v2\/comments?post=5265"}],"wp:featuredmedia":[{"embeddable":true,"href":"https:\/\/www.zina-shop.com\/index.php\/wp-json\/wp\/v2\/media\/5243"}],"wp:attachment":[{"href":"https:\/\/www.zina-shop.com\/index.php\/wp-json\/wp\/v2\/media?parent=5265"}],"wp:term":[{"taxonomy":"product_cat","embeddable":true,"href":"https:\/\/www.zina-shop.com\/index.php\/wp-json\/wp\/v2\/product_cat?post=5265"},{"taxonomy":"product_tag","embeddable":true,"href":"https:\/\/www.zina-shop.com\/index.php\/wp-json\/wp\/v2\/product_tag?post=5265"}],"curies":[{"name":"wp","href":"https:\/\/api.w.org\/{rel}","templated":true}]}}