{"id":5225,"date":"2020-06-17T16:12:39","date_gmt":"2020-06-17T14:12:39","guid":{"rendered":"https:\/\/www.zina-shop.com\/?post_type=product&#038;p=5225"},"modified":"2022-02-04T19:51:55","modified_gmt":"2022-02-04T18:51:55","slug":"fil-nylon-tresse-noir-1mm-35m","status":"publish","type":"product","link":"https:\/\/www.zina-shop.com\/index.php\/produit\/fil-nylon-tresse-noir-1mm-35m\/","title":{"rendered":"Fil nylon tress\u00e9 noir 1mm &#8211; 35m"},"content":{"rendered":"<p>Fil nylon tress\u00e9 noir 1mm &#8211; 35m<\/p>\n","protected":false},"excerpt":{"rendered":"<p><strong>Fil\u00a0nylon\u00a0tress\u00e9\u00a01mm<\/strong><\/p>\n<p>Noir<\/p>\n<p>Bobine\u00a0de\u00a035m<\/p>\n<p>Fil nylon , tr\u00e8s r\u00e9sistant, id\u00e9al pour cr\u00e9er les bracelet Shamballa et le tressage Kumihimo.<\/p>\n","protected":false},"featured_media":5226,"comment_status":"open","ping_status":"closed","template":"","meta":{"sfsi_plus_gutenberg_text_before_share":"","sfsi_plus_gutenberg_show_text_before_share":"","sfsi_plus_gutenberg_icon_type":"","sfsi_plus_gutenberg_icon_alignemt":"","sfsi_plus_gutenburg_max_per_row":""},"product_cat":[261],"product_tag":[],"class_list":["post-5225","product","type-product","status-publish","has-post-thumbnail","hentry","product_cat-nylon-1-mm"],"jetpack_sharing_enabled":true,"_links":{"self":[{"href":"https:\/\/www.zina-shop.com\/index.php\/wp-json\/wp\/v2\/product\/5225","targetHints":{"allow":["GET"]}}],"collection":[{"href":"https:\/\/www.zina-shop.com\/index.php\/wp-json\/wp\/v2\/product"}],"about":[{"href":"https:\/\/www.zina-shop.com\/index.php\/wp-json\/wp\/v2\/types\/product"}],"replies":[{"embeddable":true,"href":"https:\/\/www.zina-shop.com\/index.php\/wp-json\/wp\/v2\/comments?post=5225"}],"wp:featuredmedia":[{"embeddable":true,"href":"https:\/\/www.zina-shop.com\/index.php\/wp-json\/wp\/v2\/media\/5226"}],"wp:attachment":[{"href":"https:\/\/www.zina-shop.com\/index.php\/wp-json\/wp\/v2\/media?parent=5225"}],"wp:term":[{"taxonomy":"product_cat","embeddable":true,"href":"https:\/\/www.zina-shop.com\/index.php\/wp-json\/wp\/v2\/product_cat?post=5225"},{"taxonomy":"product_tag","embeddable":true,"href":"https:\/\/www.zina-shop.com\/index.php\/wp-json\/wp\/v2\/product_tag?post=5225"}],"curies":[{"name":"wp","href":"https:\/\/api.w.org\/{rel}","templated":true}]}}