{"id":5120,"date":"2020-06-16T16:56:14","date_gmt":"2020-06-16T14:56:14","guid":{"rendered":"https:\/\/www.zina-shop.com\/?post_type=product&#038;p=5120"},"modified":"2023-02-19T16:32:35","modified_gmt":"2023-02-19T15:32:35","slug":"ailes-de-scarabee-or-sachets-de-10-ailes","status":"publish","type":"product","link":"https:\/\/www.zina-shop.com\/index.php\/produit\/ailes-de-scarabee-or-sachets-de-10-ailes\/","title":{"rendered":"Ailes de scarab\u00e9e Or sachets de 10 ailes"},"content":{"rendered":"<p>Ailes de scarab\u00e9e Or sachets de 10 ailes<\/p>\n","protected":false},"excerpt":{"rendered":"<p><strong>Ailes de scarab\u00e9e \u00ad <\/strong><\/p>\n<p>Sachets de 10 ailes\u00ad tailles variables<\/p>\n<p>Couleur: or orang\u00e9 iris\u00e9, nuance vert<\/p>\n<p>Les ailes de scarab\u00e9e sont utilis\u00e9e en bijouterie et d\u00e9coration. Tr\u00e8s l\u00e9g\u00e8res elles ont des couleurs magnifiques et accrochent la lumi\u00e8re pour cr\u00e9er des bijoux originaux.<\/p>\n","protected":false},"featured_media":5118,"comment_status":"open","ping_status":"closed","template":"","meta":{"sfsi_plus_gutenberg_text_before_share":"","sfsi_plus_gutenberg_show_text_before_share":"","sfsi_plus_gutenberg_icon_type":"","sfsi_plus_gutenberg_icon_alignemt":"","sfsi_plus_gutenburg_max_per_row":""},"product_cat":[68],"product_tag":[],"class_list":["post-5120","product","type-product","status-publish","has-post-thumbnail","hentry","product_cat-ailes-de-scarabee"],"jetpack_sharing_enabled":true,"_links":{"self":[{"href":"https:\/\/www.zina-shop.com\/index.php\/wp-json\/wp\/v2\/product\/5120","targetHints":{"allow":["GET"]}}],"collection":[{"href":"https:\/\/www.zina-shop.com\/index.php\/wp-json\/wp\/v2\/product"}],"about":[{"href":"https:\/\/www.zina-shop.com\/index.php\/wp-json\/wp\/v2\/types\/product"}],"replies":[{"embeddable":true,"href":"https:\/\/www.zina-shop.com\/index.php\/wp-json\/wp\/v2\/comments?post=5120"}],"wp:featuredmedia":[{"embeddable":true,"href":"https:\/\/www.zina-shop.com\/index.php\/wp-json\/wp\/v2\/media\/5118"}],"wp:attachment":[{"href":"https:\/\/www.zina-shop.com\/index.php\/wp-json\/wp\/v2\/media?parent=5120"}],"wp:term":[{"taxonomy":"product_cat","embeddable":true,"href":"https:\/\/www.zina-shop.com\/index.php\/wp-json\/wp\/v2\/product_cat?post=5120"},{"taxonomy":"product_tag","embeddable":true,"href":"https:\/\/www.zina-shop.com\/index.php\/wp-json\/wp\/v2\/product_tag?post=5120"}],"curies":[{"name":"wp","href":"https:\/\/api.w.org\/{rel}","templated":true}]}}