{"id":5078,"date":"2020-06-16T15:37:20","date_gmt":"2020-06-16T13:37:20","guid":{"rendered":"https:\/\/www.zina-shop.com\/?post_type=product&#038;p=5078"},"modified":"2022-07-01T10:03:31","modified_gmt":"2022-07-01T08:03:31","slug":"cabochon-deau-douce-semi-perce-rose-clair-6-6-5mm-par-1","status":"publish","type":"product","link":"https:\/\/www.zina-shop.com\/index.php\/produit\/cabochon-deau-douce-semi-perce-rose-clair-6-6-5mm-par-1\/","title":{"rendered":"Cabochon d&rsquo;eau douce semi perc\u00e9 Rose clair 6 &#8211; 6.5mm &#8211; par 1"},"content":{"rendered":"<p>Cabochon d&rsquo;eau douce semi perc\u00e9 Rose clair 6 &#8211; 6.5mm &#8211; par 1<\/p>\n","protected":false},"excerpt":{"rendered":"<div id=\"idTab1\" class=\"rte\">\n<p><strong>Cabochon d&rsquo;eau douce semi perc\u00e9e \u00ad Qualit\u00e9 grade AAA<\/strong><\/p>\n<p>Rose clair<\/p>\n<p>Diam\u00e8tre: 6 &#8211; 6.5mm<\/p>\n<p>Hauteur: 5mm<\/p>\n<p><em>Vendu \u00e0 l&rsquo;unit\u00e9<br \/>\n<\/em><\/p>\n<p>Usage:\u00a0bagues,\u00a0boucles\u00a0d&rsquo;oreilles\u00a0etc&#8230;<\/p>\n<\/div>\n<p>Les perles d&rsquo;eau douces sont des perles de culture, elles sont donc toutes uniques et peuvent pr\u00e9senter des<br \/>\nl\u00e9g\u00e8res variations de couleurs par rapport aux photos. Les dimensions des cabochons peuvent aussi varier l\u00e9g\u00e8rement en diam\u00e8tre et en hauteur<\/p>\n","protected":false},"featured_media":5079,"comment_status":"open","ping_status":"closed","template":"","meta":{"sfsi_plus_gutenberg_text_before_share":"","sfsi_plus_gutenberg_show_text_before_share":"","sfsi_plus_gutenberg_icon_type":"","sfsi_plus_gutenberg_icon_alignemt":"","sfsi_plus_gutenburg_max_per_row":""},"product_cat":[210],"product_tag":[],"class_list":["post-5078","product","type-product","status-publish","has-post-thumbnail","hentry","product_cat-cabochon-eau-douce-sp"],"jetpack_sharing_enabled":true,"_links":{"self":[{"href":"https:\/\/www.zina-shop.com\/index.php\/wp-json\/wp\/v2\/product\/5078","targetHints":{"allow":["GET"]}}],"collection":[{"href":"https:\/\/www.zina-shop.com\/index.php\/wp-json\/wp\/v2\/product"}],"about":[{"href":"https:\/\/www.zina-shop.com\/index.php\/wp-json\/wp\/v2\/types\/product"}],"replies":[{"embeddable":true,"href":"https:\/\/www.zina-shop.com\/index.php\/wp-json\/wp\/v2\/comments?post=5078"}],"wp:featuredmedia":[{"embeddable":true,"href":"https:\/\/www.zina-shop.com\/index.php\/wp-json\/wp\/v2\/media\/5079"}],"wp:attachment":[{"href":"https:\/\/www.zina-shop.com\/index.php\/wp-json\/wp\/v2\/media?parent=5078"}],"wp:term":[{"taxonomy":"product_cat","embeddable":true,"href":"https:\/\/www.zina-shop.com\/index.php\/wp-json\/wp\/v2\/product_cat?post=5078"},{"taxonomy":"product_tag","embeddable":true,"href":"https:\/\/www.zina-shop.com\/index.php\/wp-json\/wp\/v2\/product_tag?post=5078"}],"curies":[{"name":"wp","href":"https:\/\/api.w.org\/{rel}","templated":true}]}}