{"id":5053,"date":"2020-06-16T14:26:01","date_gmt":"2020-06-16T12:26:01","guid":{"rendered":"https:\/\/www.zina-shop.com\/?post_type=product&#038;p=5053"},"modified":"2022-09-11T12:49:17","modified_gmt":"2022-09-11T10:49:17","slug":"perle-aventurine-semi-perce-8mm-par-1","status":"publish","type":"product","link":"https:\/\/www.zina-shop.com\/index.php\/produit\/perle-aventurine-semi-perce-8mm-par-1\/","title":{"rendered":"Perle Aventurine semi perc\u00e9 8mm &#8211; par 1"},"content":{"rendered":"<p>Perle Aventurine semi perc\u00e9 8mm &#8211; par 1<\/p>\n","protected":false},"excerpt":{"rendered":"<p><strong>Perles Aventurine semi perc\u00e9<\/strong><\/p>\n<p>Diam\u00e8tre: 8mm<\/p>\n<p>Perles\u00a0perc\u00e9e\u00a0d&rsquo;un\u00a0seul\u00a0c\u00f4t\u00e9\u00a0\u00ad<\/p>\n<p>Usage:\u00a0bagues,\u00a0boucles\u00a0d&rsquo;oreilles\u00a0etc&#8230;<\/p>\n<p><span style=\"color: #b22222\u037e;\">Les perles gemmes sont uniques, c&rsquo;est ce qui fait leur charme! Elles peuvent donc pr\u00e9senter des diff\u00e9rences plus ou moins grandes avec les photos pr\u00e9sent\u00e9es.<\/span><\/p>\n","protected":false},"featured_media":5029,"comment_status":"open","ping_status":"closed","template":"","meta":{"sfsi_plus_gutenberg_text_before_share":"","sfsi_plus_gutenberg_show_text_before_share":"","sfsi_plus_gutenberg_icon_type":"","sfsi_plus_gutenberg_icon_alignemt":"","sfsi_plus_gutenburg_max_per_row":""},"product_cat":[209],"product_tag":[],"class_list":["post-5053","product","type-product","status-publish","has-post-thumbnail","hentry","product_cat-perles-gemme-sp"],"jetpack_sharing_enabled":true,"_links":{"self":[{"href":"https:\/\/www.zina-shop.com\/index.php\/wp-json\/wp\/v2\/product\/5053","targetHints":{"allow":["GET"]}}],"collection":[{"href":"https:\/\/www.zina-shop.com\/index.php\/wp-json\/wp\/v2\/product"}],"about":[{"href":"https:\/\/www.zina-shop.com\/index.php\/wp-json\/wp\/v2\/types\/product"}],"replies":[{"embeddable":true,"href":"https:\/\/www.zina-shop.com\/index.php\/wp-json\/wp\/v2\/comments?post=5053"}],"wp:featuredmedia":[{"embeddable":true,"href":"https:\/\/www.zina-shop.com\/index.php\/wp-json\/wp\/v2\/media\/5029"}],"wp:attachment":[{"href":"https:\/\/www.zina-shop.com\/index.php\/wp-json\/wp\/v2\/media?parent=5053"}],"wp:term":[{"taxonomy":"product_cat","embeddable":true,"href":"https:\/\/www.zina-shop.com\/index.php\/wp-json\/wp\/v2\/product_cat?post=5053"},{"taxonomy":"product_tag","embeddable":true,"href":"https:\/\/www.zina-shop.com\/index.php\/wp-json\/wp\/v2\/product_tag?post=5053"}],"curies":[{"name":"wp","href":"https:\/\/api.w.org\/{rel}","templated":true}]}}