{"id":5002,"date":"2020-06-16T11:34:45","date_gmt":"2020-06-16T09:34:45","guid":{"rendered":"https:\/\/www.zina-shop.com\/?post_type=product&#038;p=5002"},"modified":"2022-01-28T10:15:24","modified_gmt":"2022-01-28T09:15:24","slug":"cabochon-drusy-quartz-rond-8mm-rose","status":"publish","type":"product","link":"https:\/\/www.zina-shop.com\/index.php\/produit\/cabochon-drusy-quartz-rond-8mm-rose\/","title":{"rendered":"Cabochon Drusy Quartz rond 8mm rose"},"content":{"rendered":"<p>Cabochon Drusy Quartz rond 8mm rose<\/p>\n","protected":false},"excerpt":{"rendered":"<p><strong>Cabochon Drusy Quartz Rond<br \/>\n<\/strong><\/p>\n<p>Dim: 8mm<\/p>\n<p>Couleur: rose<\/p>\n<p>Grade\u00a0qualit\u00e9:\u00a0AAA<\/p>\n<p><a href=\"https:\/\/www.zina-shop.com\/index.php\/produit\/serti-ovale-4-dents-7x9mm-bronze-veritable-par-5\/\">Compatible\u00a0avec\u00a0les\u00a0sertis\u00a0bronze\u00a0naturel\u00a07&#215;9<\/a><\/p>\n<p>Le Drusy Duartz est une pierre naturelle compos\u00e9e d&rsquo;une base en agate et de cristaux de quartz naturel color\u00e9s.<\/p>\n<p>Les cabochons en Drusy quartz sont tr\u00e8s brillants et du plus bel effet!<\/p>\n<p>Grande\u00a0qualit\u00e9\u00a0grade\u00a0AAA<\/p>\n<p>Ne pas cuire, sertir ou coller apr\u00e8s cuisson des p\u00e2tes de m\u00e9taux.<\/p>\n","protected":false},"featured_media":5001,"comment_status":"open","ping_status":"closed","template":"","meta":{"sfsi_plus_gutenberg_text_before_share":"","sfsi_plus_gutenberg_show_text_before_share":"","sfsi_plus_gutenberg_icon_type":"","sfsi_plus_gutenberg_icon_alignemt":"","sfsi_plus_gutenburg_max_per_row":""},"product_cat":[66],"product_tag":[],"class_list":["post-5002","product","type-product","status-publish","has-post-thumbnail","hentry","product_cat-drusy-quartz"],"jetpack_sharing_enabled":true,"_links":{"self":[{"href":"https:\/\/www.zina-shop.com\/index.php\/wp-json\/wp\/v2\/product\/5002","targetHints":{"allow":["GET"]}}],"collection":[{"href":"https:\/\/www.zina-shop.com\/index.php\/wp-json\/wp\/v2\/product"}],"about":[{"href":"https:\/\/www.zina-shop.com\/index.php\/wp-json\/wp\/v2\/types\/product"}],"replies":[{"embeddable":true,"href":"https:\/\/www.zina-shop.com\/index.php\/wp-json\/wp\/v2\/comments?post=5002"}],"wp:featuredmedia":[{"embeddable":true,"href":"https:\/\/www.zina-shop.com\/index.php\/wp-json\/wp\/v2\/media\/5001"}],"wp:attachment":[{"href":"https:\/\/www.zina-shop.com\/index.php\/wp-json\/wp\/v2\/media?parent=5002"}],"wp:term":[{"taxonomy":"product_cat","embeddable":true,"href":"https:\/\/www.zina-shop.com\/index.php\/wp-json\/wp\/v2\/product_cat?post=5002"},{"taxonomy":"product_tag","embeddable":true,"href":"https:\/\/www.zina-shop.com\/index.php\/wp-json\/wp\/v2\/product_tag?post=5002"}],"curies":[{"name":"wp","href":"https:\/\/api.w.org\/{rel}","templated":true}]}}