{"id":4997,"date":"2020-06-16T11:30:38","date_gmt":"2020-06-16T09:30:38","guid":{"rendered":"https:\/\/www.zina-shop.com\/?post_type=product&#038;p=4997"},"modified":"2022-01-28T10:15:49","modified_gmt":"2022-01-28T09:15:49","slug":"cabochon-drusy-quartz-oval-7x9mm-or-par-1","status":"publish","type":"product","link":"https:\/\/www.zina-shop.com\/index.php\/produit\/cabochon-drusy-quartz-oval-7x9mm-or-par-1\/","title":{"rendered":"Cabochon Drusy Quartz oval 7x9mm OR &#8211; par 1"},"content":{"rendered":"<p>Cabochon Drusy Quartz oval 7x9mm OR &#8211; par 1<\/p>\n","protected":false},"excerpt":{"rendered":"<p><strong>Cabochon Drusy Quartz Ovale<\/strong><\/p>\n<p>Dim:\u00a07x9mm<\/p>\n<p>Couleur: OR<\/p>\n<p>Grade\u00a0qualit\u00e9:\u00a0AAA<\/p>\n<p><a href=\"https:\/\/www.zina-shop.com\/index.php\/produit\/serti-ovale-4-dents-7x9mm-bronze-veritable-par-5\/\">Compatible\u00a0avec\u00a0les\u00a0sertis\u00a0bronze\u00a0naturel\u00a07&#215;9<\/a><\/p>\n<p>Le Drusy Duartz est une pierre naturelle compos\u00e9e d&rsquo;une base en agate et de cristaux de quartz naturel color\u00e9s.<\/p>\n<p>Les cabochons en Drusy quartz sont tr\u00e8s brillants et du plus bel effet!<\/p>\n<p>Grande\u00a0qualit\u00e9\u00a0grade\u00a0AAA<\/p>\n<p>Ne pas cuire, sertir ou coller apr\u00e8s cuisson des p\u00e2tes de m\u00e9taux.<\/p>\n","protected":false},"featured_media":4995,"comment_status":"open","ping_status":"closed","template":"","meta":{"sfsi_plus_gutenberg_text_before_share":"","sfsi_plus_gutenberg_show_text_before_share":"","sfsi_plus_gutenberg_icon_type":"","sfsi_plus_gutenberg_icon_alignemt":"","sfsi_plus_gutenburg_max_per_row":""},"product_cat":[66],"product_tag":[],"class_list":["post-4997","product","type-product","status-publish","has-post-thumbnail","hentry","product_cat-drusy-quartz"],"jetpack_sharing_enabled":true,"_links":{"self":[{"href":"https:\/\/www.zina-shop.com\/index.php\/wp-json\/wp\/v2\/product\/4997","targetHints":{"allow":["GET"]}}],"collection":[{"href":"https:\/\/www.zina-shop.com\/index.php\/wp-json\/wp\/v2\/product"}],"about":[{"href":"https:\/\/www.zina-shop.com\/index.php\/wp-json\/wp\/v2\/types\/product"}],"replies":[{"embeddable":true,"href":"https:\/\/www.zina-shop.com\/index.php\/wp-json\/wp\/v2\/comments?post=4997"}],"wp:featuredmedia":[{"embeddable":true,"href":"https:\/\/www.zina-shop.com\/index.php\/wp-json\/wp\/v2\/media\/4995"}],"wp:attachment":[{"href":"https:\/\/www.zina-shop.com\/index.php\/wp-json\/wp\/v2\/media?parent=4997"}],"wp:term":[{"taxonomy":"product_cat","embeddable":true,"href":"https:\/\/www.zina-shop.com\/index.php\/wp-json\/wp\/v2\/product_cat?post=4997"},{"taxonomy":"product_tag","embeddable":true,"href":"https:\/\/www.zina-shop.com\/index.php\/wp-json\/wp\/v2\/product_tag?post=4997"}],"curies":[{"name":"wp","href":"https:\/\/api.w.org\/{rel}","templated":true}]}}