{"id":4952,"date":"2020-06-15T12:15:48","date_gmt":"2020-06-15T10:15:48","guid":{"rendered":"https:\/\/www.zina-shop.com\/?post_type=product&#038;p=4952"},"modified":"2021-10-23T14:01:48","modified_gmt":"2021-10-23T12:01:48","slug":"natural-spinel-rond-1-5mm-noir-par-10","status":"publish","type":"product","link":"https:\/\/www.zina-shop.com\/index.php\/produit\/natural-spinel-rond-1-5mm-noir-par-10\/","title":{"rendered":"Natural Spinel Rond 1.5mm noir &#8211; par 10"},"content":{"rendered":"<p>Natural Spinel Rond 1.5mm noir &#8211; par 10<\/p>\n","protected":false},"excerpt":{"rendered":"<p><strong>Spinel\u00a0Naturel\u00a0Rond<\/strong><\/p>\n<p>Couleur: Noir<br \/>\nTaille: 1.5 mm<br \/>\nQualit\u00e9: Grade AAA<\/p>\n<p><em><span style=\"color: #800080\u037e;\">Vendu par sachet de 10 pierres<\/span><\/em><\/p>\n<p>Spinel naturel, fac\u00e9t\u00e9. Sa duret\u00e9 est de 8 sur l&rsquo;\u00e9chelle de Mohs. <span style=\"color: #800080\u037e;\">R\u00e9siste aux hautes temp\u00e9ratures. \u00adGarde tout son \u00e9clat \u00ad Peut \u00eatre cuit dans le charbon.<\/span><\/p>\n","protected":false},"featured_media":4955,"comment_status":"open","ping_status":"closed","template":"","meta":{"sfsi_plus_gutenberg_text_before_share":"","sfsi_plus_gutenberg_show_text_before_share":"","sfsi_plus_gutenberg_icon_type":"","sfsi_plus_gutenberg_icon_alignemt":"","sfsi_plus_gutenburg_max_per_row":""},"product_cat":[259],"product_tag":[],"class_list":["post-4952","product","type-product","status-publish","has-post-thumbnail","hentry","product_cat-spinel-naturel-1-5-2-3-mm"],"jetpack_sharing_enabled":true,"_links":{"self":[{"href":"https:\/\/www.zina-shop.com\/index.php\/wp-json\/wp\/v2\/product\/4952","targetHints":{"allow":["GET"]}}],"collection":[{"href":"https:\/\/www.zina-shop.com\/index.php\/wp-json\/wp\/v2\/product"}],"about":[{"href":"https:\/\/www.zina-shop.com\/index.php\/wp-json\/wp\/v2\/types\/product"}],"replies":[{"embeddable":true,"href":"https:\/\/www.zina-shop.com\/index.php\/wp-json\/wp\/v2\/comments?post=4952"}],"wp:featuredmedia":[{"embeddable":true,"href":"https:\/\/www.zina-shop.com\/index.php\/wp-json\/wp\/v2\/media\/4955"}],"wp:attachment":[{"href":"https:\/\/www.zina-shop.com\/index.php\/wp-json\/wp\/v2\/media?parent=4952"}],"wp:term":[{"taxonomy":"product_cat","embeddable":true,"href":"https:\/\/www.zina-shop.com\/index.php\/wp-json\/wp\/v2\/product_cat?post=4952"},{"taxonomy":"product_tag","embeddable":true,"href":"https:\/\/www.zina-shop.com\/index.php\/wp-json\/wp\/v2\/product_tag?post=4952"}],"curies":[{"name":"wp","href":"https:\/\/api.w.org\/{rel}","templated":true}]}}