{"id":4951,"date":"2020-06-15T12:05:41","date_gmt":"2020-06-15T10:05:41","guid":{"rendered":"https:\/\/www.zina-shop.com\/?post_type=product&#038;p=4951"},"modified":"2022-04-14T22:24:00","modified_gmt":"2022-04-14T20:24:00","slug":"synthetic-spinel-carre-120-bleu-moyen-4x4mm-par-1","status":"publish","type":"product","link":"https:\/\/www.zina-shop.com\/index.php\/produit\/synthetic-spinel-carre-120-bleu-moyen-4x4mm-par-1\/","title":{"rendered":"Synthetic Spinel Carr\u00e9 # 120 Bleu moyen 4X4mm &#8211; Par 1"},"content":{"rendered":"<p>Synthetic Spinel Carr\u00e9 # 120 Bleu moyen 4X4mm &#8211; Par 1<\/p>\n","protected":false},"excerpt":{"rendered":"<p><strong>Synthetic Spinel carr\u00e9 4x4mm<\/strong><\/p>\n<p>Saphir de synth\u00e8se \u00ad Laboratoire<br \/>\nCouleur: Bleu moyen \u00ad #120<br \/>\nQualit\u00e9: Grade AAA<\/p>\n<p><em><span style=\"color: #993366\u037e;\"><strong>Vendu \u00e0 l&rsquo;unit\u00e9<br \/>\n<\/strong><\/span><\/em><\/p>\n<p>Le saphir de synth\u00e8se est fabriqu\u00e9 en laboratoire et a la m\u00eame composition chimique, structure atomique et propri\u00e9t\u00e9<br \/>\nphysique que son \u00e9quivalent naturel. Sa duret\u00e9 est de 8 sur l&rsquo;\u00e9chelle de Mohs.<br \/>\n<span style=\"color: #800080\u037e;\">R\u00e9siste aux hautes temp\u00e9ratures. \u00ad Garde tout son \u00e9clat. \u00ad Peut \u00eatre cuit dans le charbon.<\/span><\/p>\n","protected":false},"featured_media":4949,"comment_status":"open","ping_status":"closed","template":"","meta":{"sfsi_plus_gutenberg_text_before_share":"","sfsi_plus_gutenberg_show_text_before_share":"","sfsi_plus_gutenberg_icon_type":"","sfsi_plus_gutenberg_icon_alignemt":"","sfsi_plus_gutenburg_max_per_row":""},"product_cat":[248],"product_tag":[],"class_list":["post-4951","product","type-product","status-publish","has-post-thumbnail","hentry","product_cat-sys-carre-4x4-mm"],"jetpack_sharing_enabled":true,"_links":{"self":[{"href":"https:\/\/www.zina-shop.com\/index.php\/wp-json\/wp\/v2\/product\/4951","targetHints":{"allow":["GET"]}}],"collection":[{"href":"https:\/\/www.zina-shop.com\/index.php\/wp-json\/wp\/v2\/product"}],"about":[{"href":"https:\/\/www.zina-shop.com\/index.php\/wp-json\/wp\/v2\/types\/product"}],"replies":[{"embeddable":true,"href":"https:\/\/www.zina-shop.com\/index.php\/wp-json\/wp\/v2\/comments?post=4951"}],"wp:featuredmedia":[{"embeddable":true,"href":"https:\/\/www.zina-shop.com\/index.php\/wp-json\/wp\/v2\/media\/4949"}],"wp:attachment":[{"href":"https:\/\/www.zina-shop.com\/index.php\/wp-json\/wp\/v2\/media?parent=4951"}],"wp:term":[{"taxonomy":"product_cat","embeddable":true,"href":"https:\/\/www.zina-shop.com\/index.php\/wp-json\/wp\/v2\/product_cat?post=4951"},{"taxonomy":"product_tag","embeddable":true,"href":"https:\/\/www.zina-shop.com\/index.php\/wp-json\/wp\/v2\/product_tag?post=4951"}],"curies":[{"name":"wp","href":"https:\/\/api.w.org\/{rel}","templated":true}]}}