{"id":4925,"date":"2020-06-15T11:13:17","date_gmt":"2020-06-15T09:13:17","guid":{"rendered":"https:\/\/www.zina-shop.com\/?post_type=product&#038;p=4925"},"modified":"2024-11-03T11:17:31","modified_gmt":"2024-11-03T10:17:31","slug":"synthetic-spinel-rond-149-vert-electrique-clair-1-5mm-x-10","status":"publish","type":"product","link":"https:\/\/www.zina-shop.com\/index.php\/produit\/synthetic-spinel-rond-149-vert-electrique-clair-1-5mm-x-10\/","title":{"rendered":"Synthetic Spinel Rond # 149 Vert \u00e9lectrique clair 1.5mm x 10"},"content":{"rendered":"<p>Synthetic Spinel Rond # 149 Vert \u00e9lectrique clair 1.5mm x 10<\/p>\n","protected":false},"excerpt":{"rendered":"<p><strong>Synthetic\u00a0Spinel\u00a0Rond\u00a01.5mm<\/strong><\/p>\n<p>Saphir de synth\u00e8se \u00ad Laboratoire<br \/>\nCouleur: Vert electrique clair \u00ad #149<br \/>\nQualit\u00e9: Grade AAA<\/p>\n<p><em><span style=\"color: #993366\u037e;\"><strong>Vendu par 10<\/strong><\/span><\/em><\/p>\n<p>Le saphir de synth\u00e8se est fabriqu\u00e9 en laboratoire et a la m\u00eame composition chimique, structure atomique et propri\u00e9t\u00e9<br \/>\nphysique que son \u00e9quivalent naturel. Sa duret\u00e9 est de 8 sur l&rsquo;\u00e9chelle de Mohs.<br \/>\n<span style=\"color: #800080\u037e;\">R\u00e9siste aux hautes temp\u00e9ratures. \u00ad Garde tout son \u00e9clat. \u00ad Peut \u00eatre cuit dans le charbon.<\/span><\/p>\n","protected":false},"featured_media":4922,"comment_status":"open","ping_status":"closed","template":"","meta":{"sfsi_plus_gutenberg_text_before_share":"","sfsi_plus_gutenberg_show_text_before_share":"","sfsi_plus_gutenberg_icon_type":"","sfsi_plus_gutenberg_icon_alignemt":"","sfsi_plus_gutenburg_max_per_row":""},"product_cat":[254],"product_tag":[],"class_list":["post-4925","product","type-product","status-publish","has-post-thumbnail","hentry","product_cat-sys-rond-1-5-mm"],"jetpack_sharing_enabled":true,"_links":{"self":[{"href":"https:\/\/www.zina-shop.com\/index.php\/wp-json\/wp\/v2\/product\/4925","targetHints":{"allow":["GET"]}}],"collection":[{"href":"https:\/\/www.zina-shop.com\/index.php\/wp-json\/wp\/v2\/product"}],"about":[{"href":"https:\/\/www.zina-shop.com\/index.php\/wp-json\/wp\/v2\/types\/product"}],"replies":[{"embeddable":true,"href":"https:\/\/www.zina-shop.com\/index.php\/wp-json\/wp\/v2\/comments?post=4925"}],"wp:featuredmedia":[{"embeddable":true,"href":"https:\/\/www.zina-shop.com\/index.php\/wp-json\/wp\/v2\/media\/4922"}],"wp:attachment":[{"href":"https:\/\/www.zina-shop.com\/index.php\/wp-json\/wp\/v2\/media?parent=4925"}],"wp:term":[{"taxonomy":"product_cat","embeddable":true,"href":"https:\/\/www.zina-shop.com\/index.php\/wp-json\/wp\/v2\/product_cat?post=4925"},{"taxonomy":"product_tag","embeddable":true,"href":"https:\/\/www.zina-shop.com\/index.php\/wp-json\/wp\/v2\/product_tag?post=4925"}],"curies":[{"name":"wp","href":"https:\/\/api.w.org\/{rel}","templated":true}]}}