{"id":4675,"date":"2020-06-04T07:37:33","date_gmt":"2020-06-04T05:37:33","guid":{"rendered":"https:\/\/www.zina-shop.com\/?post_type=product&#038;p=4675"},"modified":"2022-04-14T22:24:03","modified_gmt":"2022-04-14T20:24:03","slug":"cubic-zirconia-rond-4mm-amethyste-par-5","status":"publish","type":"product","link":"https:\/\/www.zina-shop.com\/index.php\/produit\/cubic-zirconia-rond-4mm-amethyste-par-5\/","title":{"rendered":"Cubic Zirconia Rond 4mm Amethyste &#8211; par 5"},"content":{"rendered":"<p>Cubic Zirconia Rond 4mm Amethyste &#8211; par 5<\/p>\n","protected":false},"excerpt":{"rendered":"<div id=\"idTab1\" class=\"rte\">\n<div id=\"idTab1\" class=\"rte\">\n<p><strong>Cubic Zirconia Rond<br \/>\n<\/strong><\/p>\n<p>Couleur: Amethyste<br \/>\nTaille: 4 mm<\/p>\n<p><span style=\"color: #800080\u037e;\">Vendu par 5<br \/>\n<\/span><\/p>\n<p>Les Cubic Zirconia sont des pierres synth\u00e9tiques imitant le diamant. Il existe une grande vari\u00e9t\u00e9 de forme, de taille et de couleur. Leur brillance est exceptionnelle et leur duret\u00e9 tr\u00e8s \u00e9lev\u00e9e. Ils peuvent \u00eatre ins\u00e9r\u00e9s dans les p\u00e2tes de m\u00e9taux, cependant certaines couleurs peuvent varier lorsquelles sont cuites \u00e0 haute temp\u00e9rautures.<\/p>\n<p>Ref\u00e9rez vous \u00e0 l&rsquo;\u00e9tude sur la r\u00e9sistance des Cubic Zirconia accessible ci dessous:<\/p>\n<p><a href=\"https:\/\/www.zina-shop.com\/wp-content\/uploads\/2020\/06\/RUSSIA-MATERIAL-HEAT-RESISTANCE-REPORT.pdf\">RUSSIA MATERIAL HEAT RESISTANCE REPORT<\/a><\/p>\n<p>Pour plus de garantie pr\u00e9f\u00e9rez les corundums, nano crystal et synthetic spinels<\/p>\n<\/div>\n<\/div>\n","protected":false},"featured_media":4613,"comment_status":"open","ping_status":"closed","template":"","meta":{"sfsi_plus_gutenberg_text_before_share":"","sfsi_plus_gutenberg_show_text_before_share":"","sfsi_plus_gutenberg_icon_type":"","sfsi_plus_gutenberg_icon_alignemt":"","sfsi_plus_gutenburg_max_per_row":""},"product_cat":[221],"product_tag":[],"class_list":["post-4675","product","type-product","status-publish","has-post-thumbnail","hentry","product_cat-rond-cz-4-mm"],"jetpack_sharing_enabled":true,"_links":{"self":[{"href":"https:\/\/www.zina-shop.com\/index.php\/wp-json\/wp\/v2\/product\/4675","targetHints":{"allow":["GET"]}}],"collection":[{"href":"https:\/\/www.zina-shop.com\/index.php\/wp-json\/wp\/v2\/product"}],"about":[{"href":"https:\/\/www.zina-shop.com\/index.php\/wp-json\/wp\/v2\/types\/product"}],"replies":[{"embeddable":true,"href":"https:\/\/www.zina-shop.com\/index.php\/wp-json\/wp\/v2\/comments?post=4675"}],"wp:featuredmedia":[{"embeddable":true,"href":"https:\/\/www.zina-shop.com\/index.php\/wp-json\/wp\/v2\/media\/4613"}],"wp:attachment":[{"href":"https:\/\/www.zina-shop.com\/index.php\/wp-json\/wp\/v2\/media?parent=4675"}],"wp:term":[{"taxonomy":"product_cat","embeddable":true,"href":"https:\/\/www.zina-shop.com\/index.php\/wp-json\/wp\/v2\/product_cat?post=4675"},{"taxonomy":"product_tag","embeddable":true,"href":"https:\/\/www.zina-shop.com\/index.php\/wp-json\/wp\/v2\/product_tag?post=4675"}],"curies":[{"name":"wp","href":"https:\/\/api.w.org\/{rel}","templated":true}]}}