{"id":4572,"date":"2020-05-31T19:45:01","date_gmt":"2020-05-31T17:45:01","guid":{"rendered":"https:\/\/www.zina-shop.com\/?post_type=product&#038;p=4572"},"modified":"2022-11-01T15:59:15","modified_gmt":"2022-11-01T14:59:15","slug":"cubic-zirconia-marquise-3x6mm-blanc-par-2","status":"publish","type":"product","link":"https:\/\/www.zina-shop.com\/index.php\/produit\/cubic-zirconia-marquise-3x6mm-blanc-par-2\/","title":{"rendered":"Cubic Zirconia Marquise 3x6mm Blanc &#8211; par 2"},"content":{"rendered":"<p>Cubic Zirconia Marquise 3x6mm Blanc &#8211; par 2<\/p>\n","protected":false},"excerpt":{"rendered":"<div id=\"idTab1\" class=\"rte\">\n<div id=\"idTab1\" class=\"rte\">\n<p><strong>Cubic Zirconia Marquise<\/strong><\/p>\n<p>Couleur: Blanc<br \/>\nTaille: 3*6 mm<\/p>\n<p><span style=\"color: #800080\u037e;\">Vendu par sachet de 2 pierres<\/span><\/p>\n<p>Les Cubic Zirconia sont des pierres synth\u00e9tiques imitant le diamant. Il existe une grande vari\u00e9t\u00e9 de forme, de taille et de couleur. Leur brillance est exceptionnelle et leur duret\u00e9 tr\u00e8s \u00e9lev\u00e9e. Ils peuvent \u00eatre ins\u00e9r\u00e9s dans les p\u00e2tes de m\u00e9taux, cependant certaines couleurs peuvent varier lorsquelles sont cuites \u00e0 haute temp\u00e9rautures.<\/p>\n<p><span style=\"color: #ff6600\u037e;\">Ref\u00e9rez vous \u00e0 l&rsquo;\u00e9tude sur la r\u00e9sistance des Cubic Zirconia accessible <strong>ici<\/strong><br \/>\n<\/span><\/p>\n<p>Pour plus de garantie pr\u00e9f\u00e9rez les corundums, nano crystal et synthetic spinels<\/p>\n<\/div>\n<\/div>\n","protected":false},"featured_media":4574,"comment_status":"open","ping_status":"closed","template":"","meta":{"sfsi_plus_gutenberg_text_before_share":"","sfsi_plus_gutenberg_show_text_before_share":"","sfsi_plus_gutenberg_icon_type":"","sfsi_plus_gutenberg_icon_alignemt":"","sfsi_plus_gutenburg_max_per_row":""},"product_cat":[233],"product_tag":[],"class_list":["post-4572","product","type-product","status-publish","has-post-thumbnail","hentry","product_cat-marquise-cz-3x6-mm"],"jetpack_sharing_enabled":true,"_links":{"self":[{"href":"https:\/\/www.zina-shop.com\/index.php\/wp-json\/wp\/v2\/product\/4572","targetHints":{"allow":["GET"]}}],"collection":[{"href":"https:\/\/www.zina-shop.com\/index.php\/wp-json\/wp\/v2\/product"}],"about":[{"href":"https:\/\/www.zina-shop.com\/index.php\/wp-json\/wp\/v2\/types\/product"}],"replies":[{"embeddable":true,"href":"https:\/\/www.zina-shop.com\/index.php\/wp-json\/wp\/v2\/comments?post=4572"}],"wp:featuredmedia":[{"embeddable":true,"href":"https:\/\/www.zina-shop.com\/index.php\/wp-json\/wp\/v2\/media\/4574"}],"wp:attachment":[{"href":"https:\/\/www.zina-shop.com\/index.php\/wp-json\/wp\/v2\/media?parent=4572"}],"wp:term":[{"taxonomy":"product_cat","embeddable":true,"href":"https:\/\/www.zina-shop.com\/index.php\/wp-json\/wp\/v2\/product_cat?post=4572"},{"taxonomy":"product_tag","embeddable":true,"href":"https:\/\/www.zina-shop.com\/index.php\/wp-json\/wp\/v2\/product_tag?post=4572"}],"curies":[{"name":"wp","href":"https:\/\/api.w.org\/{rel}","templated":true}]}}