{"id":4540,"date":"2020-05-18T14:01:11","date_gmt":"2020-05-18T12:01:11","guid":{"rendered":"https:\/\/www.zina-shop.com\/?post_type=product&#038;p=4540"},"modified":"2022-09-07T11:57:09","modified_gmt":"2022-09-07T09:57:09","slug":"abalone-naturelle-feuille-7x4-naturel-2","status":"publish","type":"product","link":"https:\/\/www.zina-shop.com\/index.php\/produit\/abalone-naturelle-feuille-7x4-naturel-2\/","title":{"rendered":"Abalone naturelle Feuille 7&#215;4 NATUREL 2"},"content":{"rendered":"<p>Abalone naturelle Feuille 7&#215;4 NATUREL 2<\/p>\n","protected":false},"excerpt":{"rendered":"<p><strong>Feuille\u00a0d&rsquo;Abalone\u00a0Naturelle<\/strong><\/p>\n<p>River shell\u00ad Mod\u00e8le Naturel 2<br \/>\nDimension:\u00a07X4\u00a0cm<br \/>\nEpaisseur: 0.2 \u00ad 0.35mm<br \/>\nL&rsquo;abalone est la traduction anglaise de l&rsquo;ormeau et de l&rsquo;haliotis des mollusques marins.<br \/>\nLa nacre de ces coquillage est lamin\u00e9e en feuille tr\u00e8s fine.<\/p>\n<p>Peut \u00eatre utilis\u00e9 en d\u00e9coration d&rsquo;objet \u00e0 personnaliser et en bijouterie.<\/p>\n<p><span style=\"color: #ff0000\u037e;\"><strong>Attention: l&rsquo;abalone ne se cuit pas!<\/strong><\/span><\/p>\n<p><a href=\"http:\/\/www.youtube.com\/watch? v=oELOUNR\u00ad3sk\"><span style=\"color: #800080\u037e;\">Sabine Alienor nous offre un excellent tutoriel vid\u00e9o sur l&rsquo;utilisation de l&rsquo;abalone. \u00ad Un clic sur le lien.<\/span><\/a><\/p>\n","protected":false},"featured_media":4541,"comment_status":"open","ping_status":"closed","template":"","meta":{"sfsi_plus_gutenberg_text_before_share":"","sfsi_plus_gutenberg_show_text_before_share":"","sfsi_plus_gutenberg_icon_type":"","sfsi_plus_gutenberg_icon_alignemt":"","sfsi_plus_gutenburg_max_per_row":""},"product_cat":[67],"product_tag":[],"class_list":["post-4540","product","type-product","status-publish","has-post-thumbnail","hentry","product_cat-abalone"],"jetpack_sharing_enabled":true,"_links":{"self":[{"href":"https:\/\/www.zina-shop.com\/index.php\/wp-json\/wp\/v2\/product\/4540","targetHints":{"allow":["GET"]}}],"collection":[{"href":"https:\/\/www.zina-shop.com\/index.php\/wp-json\/wp\/v2\/product"}],"about":[{"href":"https:\/\/www.zina-shop.com\/index.php\/wp-json\/wp\/v2\/types\/product"}],"replies":[{"embeddable":true,"href":"https:\/\/www.zina-shop.com\/index.php\/wp-json\/wp\/v2\/comments?post=4540"}],"wp:featuredmedia":[{"embeddable":true,"href":"https:\/\/www.zina-shop.com\/index.php\/wp-json\/wp\/v2\/media\/4541"}],"wp:attachment":[{"href":"https:\/\/www.zina-shop.com\/index.php\/wp-json\/wp\/v2\/media?parent=4540"}],"wp:term":[{"taxonomy":"product_cat","embeddable":true,"href":"https:\/\/www.zina-shop.com\/index.php\/wp-json\/wp\/v2\/product_cat?post=4540"},{"taxonomy":"product_tag","embeddable":true,"href":"https:\/\/www.zina-shop.com\/index.php\/wp-json\/wp\/v2\/product_tag?post=4540"}],"curies":[{"name":"wp","href":"https:\/\/api.w.org\/{rel}","templated":true}]}}