{"id":4363,"date":"2020-05-08T11:05:41","date_gmt":"2020-05-08T09:05:41","guid":{"rendered":"https:\/\/www.zina-shop.com\/?post_type=product&#038;p=4363"},"modified":"2022-01-27T10:14:28","modified_gmt":"2022-01-27T09:14:28","slug":"perles-rutillated-quartz-ronde-12mm-par-1","status":"publish","type":"product","link":"https:\/\/www.zina-shop.com\/index.php\/produit\/perles-rutillated-quartz-ronde-12mm-par-1\/","title":{"rendered":"Perles Rutillated quartz ronde 12mm &#8211; Par 1"},"content":{"rendered":"<p>Perles Rutillated quartz ronde 12mm &#8211; Par 1<\/p>\n","protected":false},"excerpt":{"rendered":"<p><strong>Perle ronde Rutillated quartz<br \/>\n<\/strong><\/p>\n<p>Diam\u00e8tre: 12mm<br \/>\nTrou: 1.5mm<\/p>\n<p><span style=\"color: #b22222\u037e;\">Les perles gemmes sont uniques, c&rsquo;est ce qui fait leur charme! Elles peuvent donc pr\u00e9senter des diff\u00e9rences plus ou moins grandes avec les photos pr\u00e9sent\u00e9es.<br \/>\n<\/span><\/p>\n","protected":false},"featured_media":4360,"comment_status":"open","ping_status":"closed","template":"","meta":{"sfsi_plus_gutenberg_text_before_share":"","sfsi_plus_gutenberg_show_text_before_share":"","sfsi_plus_gutenberg_icon_type":"","sfsi_plus_gutenberg_icon_alignemt":"","sfsi_plus_gutenburg_max_per_row":""},"product_cat":[178],"product_tag":[],"class_list":["post-4363","product","type-product","status-publish","has-post-thumbnail","hentry","product_cat-rutillated-quartz-perle"],"jetpack_sharing_enabled":true,"_links":{"self":[{"href":"https:\/\/www.zina-shop.com\/index.php\/wp-json\/wp\/v2\/product\/4363","targetHints":{"allow":["GET"]}}],"collection":[{"href":"https:\/\/www.zina-shop.com\/index.php\/wp-json\/wp\/v2\/product"}],"about":[{"href":"https:\/\/www.zina-shop.com\/index.php\/wp-json\/wp\/v2\/types\/product"}],"replies":[{"embeddable":true,"href":"https:\/\/www.zina-shop.com\/index.php\/wp-json\/wp\/v2\/comments?post=4363"}],"wp:featuredmedia":[{"embeddable":true,"href":"https:\/\/www.zina-shop.com\/index.php\/wp-json\/wp\/v2\/media\/4360"}],"wp:attachment":[{"href":"https:\/\/www.zina-shop.com\/index.php\/wp-json\/wp\/v2\/media?parent=4363"}],"wp:term":[{"taxonomy":"product_cat","embeddable":true,"href":"https:\/\/www.zina-shop.com\/index.php\/wp-json\/wp\/v2\/product_cat?post=4363"},{"taxonomy":"product_tag","embeddable":true,"href":"https:\/\/www.zina-shop.com\/index.php\/wp-json\/wp\/v2\/product_tag?post=4363"}],"curies":[{"name":"wp","href":"https:\/\/api.w.org\/{rel}","templated":true}]}}