{"id":4272,"date":"2020-05-06T11:15:52","date_gmt":"2020-05-06T09:15:52","guid":{"rendered":"http:\/\/www.zina-shop.com\/?post_type=product&#038;p=4272"},"modified":"2023-09-06T13:26:58","modified_gmt":"2023-09-06T11:26:58","slug":"perles-jaspe-imperial-bleu-fonce-ronde-10mm-par-1","status":"publish","type":"product","link":"https:\/\/www.zina-shop.com\/index.php\/produit\/perles-jaspe-imperial-bleu-fonce-ronde-10mm-par-1\/","title":{"rendered":"Perles Jaspe imp\u00e9rial bleu fonc\u00e9 ronde 10mm &#8211; Par 1"},"content":{"rendered":"<p>Perles Jaspe imp\u00e9rial bleu fonc\u00e9 ronde 10mm &#8211; Par 1<\/p>\n","protected":false},"excerpt":{"rendered":"<p><strong>Perle ronde Jaspe imp\u00e9rial<br \/>\n<\/strong><\/p>\n<p>Bleu fonc\u00e9<\/p>\n<p>Diam\u00e8tre: 10mm<br \/>\nTrou: 1.5mm<\/p>\n<p><span style=\"color: #b22222\u037e;\">Les perles gemmes sont uniques, c&rsquo;est ce qui fait leur charme! Elles peuvent donc pr\u00e9senter des diff\u00e9rences plus ou moins grandes avec les photos pr\u00e9sent\u00e9es.<br \/>\n<\/span><\/p>\n","protected":false},"featured_media":4266,"comment_status":"open","ping_status":"closed","template":"","meta":{"sfsi_plus_gutenberg_text_before_share":"","sfsi_plus_gutenberg_show_text_before_share":"","sfsi_plus_gutenberg_icon_type":"","sfsi_plus_gutenberg_icon_alignemt":"","sfsi_plus_gutenburg_max_per_row":""},"product_cat":[192],"product_tag":[],"class_list":["post-4272","product","type-product","status-publish","has-post-thumbnail","hentry","product_cat-jaspe-imperial-perle"],"jetpack_sharing_enabled":true,"_links":{"self":[{"href":"https:\/\/www.zina-shop.com\/index.php\/wp-json\/wp\/v2\/product\/4272","targetHints":{"allow":["GET"]}}],"collection":[{"href":"https:\/\/www.zina-shop.com\/index.php\/wp-json\/wp\/v2\/product"}],"about":[{"href":"https:\/\/www.zina-shop.com\/index.php\/wp-json\/wp\/v2\/types\/product"}],"replies":[{"embeddable":true,"href":"https:\/\/www.zina-shop.com\/index.php\/wp-json\/wp\/v2\/comments?post=4272"}],"wp:featuredmedia":[{"embeddable":true,"href":"https:\/\/www.zina-shop.com\/index.php\/wp-json\/wp\/v2\/media\/4266"}],"wp:attachment":[{"href":"https:\/\/www.zina-shop.com\/index.php\/wp-json\/wp\/v2\/media?parent=4272"}],"wp:term":[{"taxonomy":"product_cat","embeddable":true,"href":"https:\/\/www.zina-shop.com\/index.php\/wp-json\/wp\/v2\/product_cat?post=4272"},{"taxonomy":"product_tag","embeddable":true,"href":"https:\/\/www.zina-shop.com\/index.php\/wp-json\/wp\/v2\/product_tag?post=4272"}],"curies":[{"name":"wp","href":"https:\/\/api.w.org\/{rel}","templated":true}]}}