{"id":4231,"date":"2020-05-05T17:33:59","date_gmt":"2020-05-05T15:33:59","guid":{"rendered":"http:\/\/www.zina-shop.com\/?post_type=product&#038;p=4231"},"modified":"2024-11-09T06:13:35","modified_gmt":"2024-11-09T05:13:35","slug":"perles-hematite-ronde-6mm-par-1","status":"publish","type":"product","link":"https:\/\/www.zina-shop.com\/index.php\/produit\/perles-hematite-ronde-6mm-par-1\/","title":{"rendered":"Perles Hematite ronde 6mm &#8211; Par 1"},"content":{"rendered":"<p>Perles Hematite ronde 6mm &#8211; Par 1<\/p>\n","protected":false},"excerpt":{"rendered":"<p><strong>Perle ronde Grenat<br \/>\n<\/strong><\/p>\n<p>Diam\u00e8tre: 6mm<br \/>\nTrou: 1mm<\/p>\n<p><span style=\"color: #b22222\u037e;\">Les perles gemmes sont uniques, c&rsquo;est ce qui fait leur charme! Elles peuvent donc pr\u00e9senter des diff\u00e9rences plus ou moins grandes avec les photos pr\u00e9sent\u00e9es.<br \/>\n<\/span><\/p>\n","protected":false},"featured_media":4229,"comment_status":"open","ping_status":"closed","template":"","meta":{"sfsi_plus_gutenberg_text_before_share":"","sfsi_plus_gutenberg_show_text_before_share":"","sfsi_plus_gutenberg_icon_type":"","sfsi_plus_gutenberg_icon_alignemt":"","sfsi_plus_gutenburg_max_per_row":""},"product_cat":[197],"product_tag":[],"class_list":["post-4231","product","type-product","status-publish","has-post-thumbnail","hentry","product_cat-hematite-perle"],"jetpack_sharing_enabled":true,"_links":{"self":[{"href":"https:\/\/www.zina-shop.com\/index.php\/wp-json\/wp\/v2\/product\/4231","targetHints":{"allow":["GET"]}}],"collection":[{"href":"https:\/\/www.zina-shop.com\/index.php\/wp-json\/wp\/v2\/product"}],"about":[{"href":"https:\/\/www.zina-shop.com\/index.php\/wp-json\/wp\/v2\/types\/product"}],"replies":[{"embeddable":true,"href":"https:\/\/www.zina-shop.com\/index.php\/wp-json\/wp\/v2\/comments?post=4231"}],"wp:featuredmedia":[{"embeddable":true,"href":"https:\/\/www.zina-shop.com\/index.php\/wp-json\/wp\/v2\/media\/4229"}],"wp:attachment":[{"href":"https:\/\/www.zina-shop.com\/index.php\/wp-json\/wp\/v2\/media?parent=4231"}],"wp:term":[{"taxonomy":"product_cat","embeddable":true,"href":"https:\/\/www.zina-shop.com\/index.php\/wp-json\/wp\/v2\/product_cat?post=4231"},{"taxonomy":"product_tag","embeddable":true,"href":"https:\/\/www.zina-shop.com\/index.php\/wp-json\/wp\/v2\/product_tag?post=4231"}],"curies":[{"name":"wp","href":"https:\/\/api.w.org\/{rel}","templated":true}]}}