{"id":4200,"date":"2020-05-05T10:35:20","date_gmt":"2020-05-05T08:35:20","guid":{"rendered":"http:\/\/www.zina-shop.com\/?post_type=product&#038;p=4200"},"modified":"2024-11-09T06:13:36","modified_gmt":"2024-11-09T05:13:36","slug":"perles-amethyste-ronde-12mm-par-1","status":"publish","type":"product","link":"https:\/\/www.zina-shop.com\/index.php\/produit\/perles-amethyste-ronde-12mm-par-1\/","title":{"rendered":"Perles Amethyste ronde 12mm &#8211; Par 1"},"content":{"rendered":"<p>Perles Amethyste ronde 12mm &#8211; Par 1<\/p>\n","protected":false},"excerpt":{"rendered":"<p><strong>Perle ronde Amethyste<br \/>\n<\/strong><\/p>\n<p>Diam\u00e8tre: 12mm<br \/>\nTrou: 1.5mm<\/p>\n<p><span style=\"color: #b22222\u037e;\">Les perles gemmes sont uniques, c&rsquo;est ce qui fait leur charme! Elles peuvent donc pr\u00e9senter des diff\u00e9rences plus ou moins grandes avec les photos pr\u00e9sent\u00e9es.<br \/>\n<\/span><\/p>\n","protected":false},"featured_media":4197,"comment_status":"open","ping_status":"closed","template":"","meta":{"sfsi_plus_gutenberg_text_before_share":"","sfsi_plus_gutenberg_show_text_before_share":"","sfsi_plus_gutenberg_icon_type":"","sfsi_plus_gutenberg_icon_alignemt":"","sfsi_plus_gutenburg_max_per_row":""},"product_cat":[203],"product_tag":[],"class_list":["post-4200","product","type-product","status-publish","has-post-thumbnail","hentry","product_cat-amethyste-perle"],"jetpack_sharing_enabled":true,"_links":{"self":[{"href":"https:\/\/www.zina-shop.com\/index.php\/wp-json\/wp\/v2\/product\/4200","targetHints":{"allow":["GET"]}}],"collection":[{"href":"https:\/\/www.zina-shop.com\/index.php\/wp-json\/wp\/v2\/product"}],"about":[{"href":"https:\/\/www.zina-shop.com\/index.php\/wp-json\/wp\/v2\/types\/product"}],"replies":[{"embeddable":true,"href":"https:\/\/www.zina-shop.com\/index.php\/wp-json\/wp\/v2\/comments?post=4200"}],"wp:featuredmedia":[{"embeddable":true,"href":"https:\/\/www.zina-shop.com\/index.php\/wp-json\/wp\/v2\/media\/4197"}],"wp:attachment":[{"href":"https:\/\/www.zina-shop.com\/index.php\/wp-json\/wp\/v2\/media?parent=4200"}],"wp:term":[{"taxonomy":"product_cat","embeddable":true,"href":"https:\/\/www.zina-shop.com\/index.php\/wp-json\/wp\/v2\/product_cat?post=4200"},{"taxonomy":"product_tag","embeddable":true,"href":"https:\/\/www.zina-shop.com\/index.php\/wp-json\/wp\/v2\/product_tag?post=4200"}],"curies":[{"name":"wp","href":"https:\/\/api.w.org\/{rel}","templated":true}]}}