{"id":4161,"date":"2020-05-04T16:54:54","date_gmt":"2020-05-04T14:54:54","guid":{"rendered":"http:\/\/www.zina-shop.com\/?post_type=product&#038;p=4161"},"modified":"2020-05-04T16:59:54","modified_gmt":"2020-05-04T14:59:54","slug":"cabochon-pierre-double-rose-cut-orange-moonstone-rond-5-mm-par-1","status":"publish","type":"product","link":"https:\/\/www.zina-shop.com\/index.php\/produit\/cabochon-pierre-double-rose-cut-orange-moonstone-rond-5-mm-par-1\/","title":{"rendered":"Cabochon pierre Double Rose cut orange moonstone Rond 5 mm &#8211; par 1"},"content":{"rendered":"<p>Cabochon pierre Double Rose cut orange moonstone Rond 5 mm &#8211; par 1<\/p>\n","protected":false},"excerpt":{"rendered":"<div id=\"idTab1\" class=\"rte\">\n<div id=\"idTab1\" class=\"rte\">\n<p><strong>Cabochon \u00e0 sertir Moonstone Orange<br \/>\n<\/strong><\/p>\n<p>Double Rose cut<br \/>\nDiam\u00e8tre: 5 mm<br \/>\nEpaisseur: \u00ad \u00b1 2.5 mm<\/p>\n<p><span style=\"color: #ff0000\u037e;\">Les perles gemmes sont uniques, c&rsquo;est ce qui fait leur charme! Elles peuvent donc pr\u00e9senter des diff\u00e9rences plus ou moins grandes avec les photos pr\u00e9sent\u00e9es.<\/span><\/p>\n<\/div>\n<\/div>\n","protected":false},"featured_media":4159,"comment_status":"open","ping_status":"closed","template":"","meta":{"sfsi_plus_gutenberg_text_before_share":"","sfsi_plus_gutenberg_show_text_before_share":"","sfsi_plus_gutenberg_icon_type":"","sfsi_plus_gutenberg_icon_alignemt":"","sfsi_plus_gutenburg_max_per_row":""},"product_cat":[167],"product_tag":[],"class_list":["post-4161","product","type-product","status-publish","has-post-thumbnail","hentry","product_cat-moonstone-cab-rc"],"jetpack_sharing_enabled":true,"_links":{"self":[{"href":"https:\/\/www.zina-shop.com\/index.php\/wp-json\/wp\/v2\/product\/4161","targetHints":{"allow":["GET"]}}],"collection":[{"href":"https:\/\/www.zina-shop.com\/index.php\/wp-json\/wp\/v2\/product"}],"about":[{"href":"https:\/\/www.zina-shop.com\/index.php\/wp-json\/wp\/v2\/types\/product"}],"replies":[{"embeddable":true,"href":"https:\/\/www.zina-shop.com\/index.php\/wp-json\/wp\/v2\/comments?post=4161"}],"wp:featuredmedia":[{"embeddable":true,"href":"https:\/\/www.zina-shop.com\/index.php\/wp-json\/wp\/v2\/media\/4159"}],"wp:attachment":[{"href":"https:\/\/www.zina-shop.com\/index.php\/wp-json\/wp\/v2\/media?parent=4161"}],"wp:term":[{"taxonomy":"product_cat","embeddable":true,"href":"https:\/\/www.zina-shop.com\/index.php\/wp-json\/wp\/v2\/product_cat?post=4161"},{"taxonomy":"product_tag","embeddable":true,"href":"https:\/\/www.zina-shop.com\/index.php\/wp-json\/wp\/v2\/product_tag?post=4161"}],"curies":[{"name":"wp","href":"https:\/\/api.w.org\/{rel}","templated":true}]}}