{"id":4150,"date":"2020-05-04T16:07:13","date_gmt":"2020-05-04T14:07:13","guid":{"rendered":"http:\/\/www.zina-shop.com\/?post_type=product&#038;p=4150"},"modified":"2022-06-02T14:55:11","modified_gmt":"2022-06-02T12:55:11","slug":"cabochon-pierre-rose-cut-aqua-calcedoine-transparent-rond-5-mm-par-1","status":"publish","type":"product","link":"https:\/\/www.zina-shop.com\/index.php\/produit\/cabochon-pierre-rose-cut-aqua-calcedoine-transparent-rond-5-mm-par-1\/","title":{"rendered":"Cabochon pierre Rose cut Aqua calcedoine transparent Rond 5 mm &#8211; par 1"},"content":{"rendered":"<p>Cabochon pierre Rose cut Aqua calcedoine transparent Rond 5 mm &#8211; par 1<\/p>\n","protected":false},"excerpt":{"rendered":"<p><strong>Cabochon\u00a0\u00e0\u00a0sertir\u00a0AQUA\u00a0CALCEDOINE<\/strong><\/p>\n<p>Transparent<\/p>\n<p>Taill\u00e9\u00a0Rose\u00a0Cut<br \/>\nRond 5 mm<br \/>\nEpaisseur:\u00a0\u00b1\u00a02.1\u00a0\u00e0\u00a03\u00a0mm<\/p>\n<p><span style=\"color: #b22222\u037e;\">Les perles gemmes sont uniques, c&rsquo;est ce qui fait leur charme! Elles peuvent donc pr\u00e9senter des diff\u00e9rences plus ou moins grandes avec les photos pr\u00e9sent\u00e9es.<br \/>\n<\/span><\/p>\n","protected":false},"featured_media":4151,"comment_status":"open","ping_status":"closed","template":"","meta":{"sfsi_plus_gutenberg_text_before_share":"","sfsi_plus_gutenberg_show_text_before_share":"","sfsi_plus_gutenberg_icon_type":"","sfsi_plus_gutenberg_icon_alignemt":"","sfsi_plus_gutenburg_max_per_row":""},"product_cat":[171],"product_tag":[],"class_list":["post-4150","product","type-product","status-publish","has-post-thumbnail","hentry","product_cat-calcedoine-cab-rc"],"jetpack_sharing_enabled":true,"_links":{"self":[{"href":"https:\/\/www.zina-shop.com\/index.php\/wp-json\/wp\/v2\/product\/4150","targetHints":{"allow":["GET"]}}],"collection":[{"href":"https:\/\/www.zina-shop.com\/index.php\/wp-json\/wp\/v2\/product"}],"about":[{"href":"https:\/\/www.zina-shop.com\/index.php\/wp-json\/wp\/v2\/types\/product"}],"replies":[{"embeddable":true,"href":"https:\/\/www.zina-shop.com\/index.php\/wp-json\/wp\/v2\/comments?post=4150"}],"wp:featuredmedia":[{"embeddable":true,"href":"https:\/\/www.zina-shop.com\/index.php\/wp-json\/wp\/v2\/media\/4151"}],"wp:attachment":[{"href":"https:\/\/www.zina-shop.com\/index.php\/wp-json\/wp\/v2\/media?parent=4150"}],"wp:term":[{"taxonomy":"product_cat","embeddable":true,"href":"https:\/\/www.zina-shop.com\/index.php\/wp-json\/wp\/v2\/product_cat?post=4150"},{"taxonomy":"product_tag","embeddable":true,"href":"https:\/\/www.zina-shop.com\/index.php\/wp-json\/wp\/v2\/product_tag?post=4150"}],"curies":[{"name":"wp","href":"https:\/\/api.w.org\/{rel}","templated":true}]}}