{"id":4134,"date":"2020-03-31T18:51:15","date_gmt":"2020-03-31T16:51:15","guid":{"rendered":"http:\/\/www.zina-shop.com\/?post_type=product&#038;p=4134"},"modified":"2022-02-10T18:54:12","modified_gmt":"2022-02-10T17:54:12","slug":"cabochon-pierre-arizona-turquoise-rond-6-mm","status":"publish","type":"product","link":"https:\/\/www.zina-shop.com\/index.php\/produit\/cabochon-pierre-arizona-turquoise-rond-6-mm\/","title":{"rendered":"Cabochon pierre Arizona turquoise &#8211; Rond 6 mm"},"content":{"rendered":"<p>Cabochon pierre Arizona turquoise &#8211; Rond 6 mm<\/p>\n","protected":false},"excerpt":{"rendered":"<p><strong>Cabochon \u00e0 sertir Arizona Turquoise<br \/>\n<\/strong><\/p>\n<p>Rond 6 mm<\/p>\n<p>Epaisseur: 2-3mm<\/p>\n<p>Les perles gemmes sont uniques, c&rsquo;est ce qui fait leur charme! Elles peuvent donc pr\u00e9senter des diff\u00e9rences plus ou moins grandes avec les photos pr\u00e9sent\u00e9es.<\/p>\n","protected":false},"featured_media":4132,"comment_status":"open","ping_status":"closed","template":"","meta":{"sfsi_plus_gutenberg_text_before_share":"","sfsi_plus_gutenberg_show_text_before_share":"","sfsi_plus_gutenberg_icon_type":"","sfsi_plus_gutenberg_icon_alignemt":"","sfsi_plus_gutenburg_max_per_row":""},"product_cat":[135],"product_tag":[],"class_list":["post-4134","product","type-product","status-publish","has-post-thumbnail","hentry","product_cat-turquoise-cab"],"jetpack_sharing_enabled":true,"_links":{"self":[{"href":"https:\/\/www.zina-shop.com\/index.php\/wp-json\/wp\/v2\/product\/4134","targetHints":{"allow":["GET"]}}],"collection":[{"href":"https:\/\/www.zina-shop.com\/index.php\/wp-json\/wp\/v2\/product"}],"about":[{"href":"https:\/\/www.zina-shop.com\/index.php\/wp-json\/wp\/v2\/types\/product"}],"replies":[{"embeddable":true,"href":"https:\/\/www.zina-shop.com\/index.php\/wp-json\/wp\/v2\/comments?post=4134"}],"wp:featuredmedia":[{"embeddable":true,"href":"https:\/\/www.zina-shop.com\/index.php\/wp-json\/wp\/v2\/media\/4132"}],"wp:attachment":[{"href":"https:\/\/www.zina-shop.com\/index.php\/wp-json\/wp\/v2\/media?parent=4134"}],"wp:term":[{"taxonomy":"product_cat","embeddable":true,"href":"https:\/\/www.zina-shop.com\/index.php\/wp-json\/wp\/v2\/product_cat?post=4134"},{"taxonomy":"product_tag","embeddable":true,"href":"https:\/\/www.zina-shop.com\/index.php\/wp-json\/wp\/v2\/product_tag?post=4134"}],"curies":[{"name":"wp","href":"https:\/\/api.w.org\/{rel}","templated":true}]}}