{"id":4111,"date":"2020-03-31T18:19:58","date_gmt":"2020-03-31T16:19:58","guid":{"rendered":"http:\/\/www.zina-shop.com\/?post_type=product&#038;p=4111"},"modified":"2022-02-08T15:03:26","modified_gmt":"2022-02-08T14:03:26","slug":"cabochon-pierre-blue-sand-stone-rond-6-mm-par-1","status":"publish","type":"product","link":"https:\/\/www.zina-shop.com\/index.php\/produit\/cabochon-pierre-blue-sand-stone-rond-6-mm-par-1\/","title":{"rendered":"Cabochon pierre Blue sand stone Rond 6 mm &#8211; par 1"},"content":{"rendered":"<p>Cabochon pierre Blue sand stone Rond 6 mm &#8211; par 1<\/p>\n","protected":false},"excerpt":{"rendered":"<p><strong>Cabochon \u00e0 sertir Blue Sand Stone<br \/>\n<\/strong><\/p>\n<p>Rond 6 mm<\/p>\n<p>Les perles gemmes sont uniques, c&rsquo;est ce qui fait leur charme! Elles peuvent donc pr\u00e9senter des diff\u00e9rences plus ou moins grandes avec les photos pr\u00e9sent\u00e9es.<\/p>\n","protected":false},"featured_media":4109,"comment_status":"open","ping_status":"closed","template":"","meta":{"sfsi_plus_gutenberg_text_before_share":"","sfsi_plus_gutenberg_show_text_before_share":"","sfsi_plus_gutenberg_icon_type":"","sfsi_plus_gutenberg_icon_alignemt":"","sfsi_plus_gutenburg_max_per_row":""},"product_cat":[138],"product_tag":[],"class_list":["post-4111","product","type-product","status-publish","has-post-thumbnail","hentry","product_cat-sand-stone-cab"],"jetpack_sharing_enabled":true,"_links":{"self":[{"href":"https:\/\/www.zina-shop.com\/index.php\/wp-json\/wp\/v2\/product\/4111","targetHints":{"allow":["GET"]}}],"collection":[{"href":"https:\/\/www.zina-shop.com\/index.php\/wp-json\/wp\/v2\/product"}],"about":[{"href":"https:\/\/www.zina-shop.com\/index.php\/wp-json\/wp\/v2\/types\/product"}],"replies":[{"embeddable":true,"href":"https:\/\/www.zina-shop.com\/index.php\/wp-json\/wp\/v2\/comments?post=4111"}],"wp:featuredmedia":[{"embeddable":true,"href":"https:\/\/www.zina-shop.com\/index.php\/wp-json\/wp\/v2\/media\/4109"}],"wp:attachment":[{"href":"https:\/\/www.zina-shop.com\/index.php\/wp-json\/wp\/v2\/media?parent=4111"}],"wp:term":[{"taxonomy":"product_cat","embeddable":true,"href":"https:\/\/www.zina-shop.com\/index.php\/wp-json\/wp\/v2\/product_cat?post=4111"},{"taxonomy":"product_tag","embeddable":true,"href":"https:\/\/www.zina-shop.com\/index.php\/wp-json\/wp\/v2\/product_tag?post=4111"}],"curies":[{"name":"wp","href":"https:\/\/api.w.org\/{rel}","templated":true}]}}