{"id":4104,"date":"2020-03-31T18:09:44","date_gmt":"2020-03-31T16:09:44","guid":{"rendered":"http:\/\/www.zina-shop.com\/?post_type=product&#038;p=4104"},"modified":"2022-10-19T16:34:07","modified_gmt":"2022-10-19T14:34:07","slug":"cabochon-rhodonite-rond-10-mm-par-1","status":"publish","type":"product","link":"https:\/\/www.zina-shop.com\/index.php\/produit\/cabochon-rhodonite-rond-10-mm-par-1\/","title":{"rendered":"Cabochon Rhodonite Rond 10 mm &#8211; par 1"},"content":{"rendered":"<p>Cabochon Rhodonite Rond 10 mm &#8211; par 1<\/p>\n","protected":false},"excerpt":{"rendered":"<p><strong>Cabochon \u00e0 sertir Rhodonite<br \/>\n<\/strong><\/p>\n<p>Rond 10mm<br \/>\nEpaisseur: \u00b1 4.5-5 mm<\/p>\n<p><span style=\"color: #b22222\u037e;\">Les perles gemmes sont uniques, c&rsquo;est ce qui fait leur charme!\u00a0 Elles peuvent donc pr\u00e9senter des diff\u00e9rences plus ou moins grandes avec les photos pr\u00e9sent\u00e9es.<br \/>\n<\/span><\/p>\n","protected":false},"featured_media":4100,"comment_status":"open","ping_status":"closed","template":"","meta":{"sfsi_plus_gutenberg_text_before_share":"","sfsi_plus_gutenberg_show_text_before_share":"","sfsi_plus_gutenberg_icon_type":"","sfsi_plus_gutenberg_icon_alignemt":"","sfsi_plus_gutenburg_max_per_row":""},"product_cat":[139],"product_tag":[],"class_list":["post-4104","product","type-product","status-publish","has-post-thumbnail","hentry","product_cat-rhodonite-cab"],"jetpack_sharing_enabled":true,"_links":{"self":[{"href":"https:\/\/www.zina-shop.com\/index.php\/wp-json\/wp\/v2\/product\/4104","targetHints":{"allow":["GET"]}}],"collection":[{"href":"https:\/\/www.zina-shop.com\/index.php\/wp-json\/wp\/v2\/product"}],"about":[{"href":"https:\/\/www.zina-shop.com\/index.php\/wp-json\/wp\/v2\/types\/product"}],"replies":[{"embeddable":true,"href":"https:\/\/www.zina-shop.com\/index.php\/wp-json\/wp\/v2\/comments?post=4104"}],"wp:featuredmedia":[{"embeddable":true,"href":"https:\/\/www.zina-shop.com\/index.php\/wp-json\/wp\/v2\/media\/4100"}],"wp:attachment":[{"href":"https:\/\/www.zina-shop.com\/index.php\/wp-json\/wp\/v2\/media?parent=4104"}],"wp:term":[{"taxonomy":"product_cat","embeddable":true,"href":"https:\/\/www.zina-shop.com\/index.php\/wp-json\/wp\/v2\/product_cat?post=4104"},{"taxonomy":"product_tag","embeddable":true,"href":"https:\/\/www.zina-shop.com\/index.php\/wp-json\/wp\/v2\/product_tag?post=4104"}],"curies":[{"name":"wp","href":"https:\/\/api.w.org\/{rel}","templated":true}]}}