{"id":4001,"date":"2020-03-31T15:46:51","date_gmt":"2020-03-31T13:46:51","guid":{"rendered":"http:\/\/www.zina-shop.com\/?post_type=product&#038;p=4001"},"modified":"2022-01-16T17:05:29","modified_gmt":"2022-01-16T16:05:29","slug":"cabochon-pierre-howlite-turquoise-rond-8-mm-par-1","status":"publish","type":"product","link":"https:\/\/www.zina-shop.com\/index.php\/produit\/cabochon-pierre-howlite-turquoise-rond-8-mm-par-1\/","title":{"rendered":"Cabochon pierre Howlite turquoise Rond 8 mm &#8211; par 1"},"content":{"rendered":"<p>Cabochon pierre Howlite turquoise Rond 8 mm &#8211; par 1<\/p>\n","protected":false},"excerpt":{"rendered":"<p>Cabochon \u00e0 sertir Howlite Turquoise<\/p>\n<p>Rond 8 mm<\/p>\n<p>Les perles gemmes sont uniques, c&rsquo;est ce qui fait leur charme! Elles peuvent donc pr\u00e9senter des diff\u00e9rences plus ou moins grandes avec les photos pr\u00e9sent\u00e9es.<\/p>\n","protected":false},"featured_media":3997,"comment_status":"open","ping_status":"closed","template":"","meta":{"sfsi_plus_gutenberg_text_before_share":"","sfsi_plus_gutenberg_show_text_before_share":"","sfsi_plus_gutenberg_icon_type":"","sfsi_plus_gutenberg_icon_alignemt":"","sfsi_plus_gutenburg_max_per_row":""},"product_cat":[157],"product_tag":[],"class_list":["post-4001","product","type-product","status-publish","has-post-thumbnail","hentry","product_cat-howlite-cab"],"jetpack_sharing_enabled":true,"_links":{"self":[{"href":"https:\/\/www.zina-shop.com\/index.php\/wp-json\/wp\/v2\/product\/4001","targetHints":{"allow":["GET"]}}],"collection":[{"href":"https:\/\/www.zina-shop.com\/index.php\/wp-json\/wp\/v2\/product"}],"about":[{"href":"https:\/\/www.zina-shop.com\/index.php\/wp-json\/wp\/v2\/types\/product"}],"replies":[{"embeddable":true,"href":"https:\/\/www.zina-shop.com\/index.php\/wp-json\/wp\/v2\/comments?post=4001"}],"wp:featuredmedia":[{"embeddable":true,"href":"https:\/\/www.zina-shop.com\/index.php\/wp-json\/wp\/v2\/media\/3997"}],"wp:attachment":[{"href":"https:\/\/www.zina-shop.com\/index.php\/wp-json\/wp\/v2\/media?parent=4001"}],"wp:term":[{"taxonomy":"product_cat","embeddable":true,"href":"https:\/\/www.zina-shop.com\/index.php\/wp-json\/wp\/v2\/product_cat?post=4001"},{"taxonomy":"product_tag","embeddable":true,"href":"https:\/\/www.zina-shop.com\/index.php\/wp-json\/wp\/v2\/product_tag?post=4001"}],"curies":[{"name":"wp","href":"https:\/\/api.w.org\/{rel}","templated":true}]}}