{"id":3902,"date":"2020-03-18T09:54:15","date_gmt":"2020-03-18T08:54:15","guid":{"rendered":"http:\/\/www.zina-shop.com\/?post_type=product&#038;p=3902"},"modified":"2023-04-10T11:46:04","modified_gmt":"2023-04-10T09:46:04","slug":"cabochon-pierre-agate-indienne-ovale-18x25-mm-par-1","status":"publish","type":"product","link":"https:\/\/www.zina-shop.com\/index.php\/produit\/cabochon-pierre-agate-indienne-ovale-18x25-mm-par-1\/","title":{"rendered":"Cabochon pierre Agate Indienne ovale 18&#215;25 mm &#8211; par 1"},"content":{"rendered":"<p>Cabochon pierre Agate Indienne ovale 18&#215;25 mm &#8211; par 1<\/p>\n","protected":false},"excerpt":{"rendered":"<p><strong>Cabochon \u00e0 sertir AGATE INDIENNE<\/strong><\/p>\n<p>Ovale 18*25 mm<br \/>\nEpaisseur: \u00b1 4.5 &#8211; 5 mm<\/p>\n<p><span style=\"color: #b22222\u037e;\">Les perles gemmes sont uniques, c&rsquo;est ce qui fait leur charme! Elles peuvent donc pr\u00e9senter des diff\u00e9rences plus ou moins grandes avec les photos pr\u00e9sent\u00e9es.<\/span><\/p>\n","protected":false},"featured_media":3898,"comment_status":"open","ping_status":"closed","template":"","meta":{"sfsi_plus_gutenberg_text_before_share":"","sfsi_plus_gutenberg_show_text_before_share":"","sfsi_plus_gutenberg_icon_type":"","sfsi_plus_gutenberg_icon_alignemt":"","sfsi_plus_gutenburg_max_per_row":""},"product_cat":[131],"product_tag":[],"class_list":["post-3902","product","type-product","status-publish","has-post-thumbnail","hentry","product_cat-agate-cab"],"jetpack_sharing_enabled":true,"_links":{"self":[{"href":"https:\/\/www.zina-shop.com\/index.php\/wp-json\/wp\/v2\/product\/3902","targetHints":{"allow":["GET"]}}],"collection":[{"href":"https:\/\/www.zina-shop.com\/index.php\/wp-json\/wp\/v2\/product"}],"about":[{"href":"https:\/\/www.zina-shop.com\/index.php\/wp-json\/wp\/v2\/types\/product"}],"replies":[{"embeddable":true,"href":"https:\/\/www.zina-shop.com\/index.php\/wp-json\/wp\/v2\/comments?post=3902"}],"wp:featuredmedia":[{"embeddable":true,"href":"https:\/\/www.zina-shop.com\/index.php\/wp-json\/wp\/v2\/media\/3898"}],"wp:attachment":[{"href":"https:\/\/www.zina-shop.com\/index.php\/wp-json\/wp\/v2\/media?parent=3902"}],"wp:term":[{"taxonomy":"product_cat","embeddable":true,"href":"https:\/\/www.zina-shop.com\/index.php\/wp-json\/wp\/v2\/product_cat?post=3902"},{"taxonomy":"product_tag","embeddable":true,"href":"https:\/\/www.zina-shop.com\/index.php\/wp-json\/wp\/v2\/product_tag?post=3902"}],"curies":[{"name":"wp","href":"https:\/\/api.w.org\/{rel}","templated":true}]}}