{"id":3878,"date":"2020-03-12T15:58:42","date_gmt":"2020-03-12T14:58:42","guid":{"rendered":"http:\/\/www.zina-shop.com\/?post_type=product&#038;p=3878"},"modified":"2020-08-21T13:05:13","modified_gmt":"2020-08-21T11:05:13","slug":"corundum-lab-facettes-34-light-blue-3mm-x-10","status":"publish","type":"product","link":"https:\/\/www.zina-shop.com\/index.php\/produit\/corundum-lab-facettes-34-light-blue-3mm-x-10\/","title":{"rendered":"Corundum Lab Facettes #34 Light blue 3mm x 10"},"content":{"rendered":"<p>Corundum Lab Facettes #34 Light blue 3mm x 10<\/p>\n","protected":false},"excerpt":{"rendered":"<p><strong>Corundum Rond 3mm facett\u00e9<\/strong><\/p>\n<p>Pierre de synth\u00e8se \u00ad Laboratoire<br \/>\nCouleur: Light blue \u00ad #34<br \/>\nQualit\u00e9: Grade AAA<\/p>\n<p><em>\u00a0<span style=\"color: #800080\u037e;\">Vendu\u00a0par\u00a010\u00a0pierres<\/span><\/em><\/p>\n<p>Le corundum, appel\u00e9 ruby ou saphir de synth\u00e8se est fabriqu\u00e9 en laboratoire et a la m\u00eame composition chimique, structure atomique et propri\u00e9t\u00e9 physique que son \u00e9quivalent naturel. Sa duret\u00e9 est de 8 sur l&rsquo;\u00e9chelle de Mohs. <span style=\"color: #800080\u037e;\">R\u00e9siste aux tr\u00e8s hautes temp\u00e9ratures, test\u00e9 \u00e0 970\u00b0C \u00ad Garde tout son \u00e9clat \u00ad Peut \u00eatre cuit dans le charbon.<\/span><\/p>\n","protected":false},"featured_media":3817,"comment_status":"open","ping_status":"closed","template":"","meta":{"sfsi_plus_gutenberg_text_before_share":"","sfsi_plus_gutenberg_show_text_before_share":"","sfsi_plus_gutenberg_icon_type":"","sfsi_plus_gutenberg_icon_alignemt":"","sfsi_plus_gutenburg_max_per_row":""},"product_cat":[245],"product_tag":[],"class_list":["post-3878","product","type-product","status-publish","has-post-thumbnail","hentry","product_cat-cr-facette-rond-3-mm"],"jetpack_sharing_enabled":true,"_links":{"self":[{"href":"https:\/\/www.zina-shop.com\/index.php\/wp-json\/wp\/v2\/product\/3878","targetHints":{"allow":["GET"]}}],"collection":[{"href":"https:\/\/www.zina-shop.com\/index.php\/wp-json\/wp\/v2\/product"}],"about":[{"href":"https:\/\/www.zina-shop.com\/index.php\/wp-json\/wp\/v2\/types\/product"}],"replies":[{"embeddable":true,"href":"https:\/\/www.zina-shop.com\/index.php\/wp-json\/wp\/v2\/comments?post=3878"}],"wp:featuredmedia":[{"embeddable":true,"href":"https:\/\/www.zina-shop.com\/index.php\/wp-json\/wp\/v2\/media\/3817"}],"wp:attachment":[{"href":"https:\/\/www.zina-shop.com\/index.php\/wp-json\/wp\/v2\/media?parent=3878"}],"wp:term":[{"taxonomy":"product_cat","embeddable":true,"href":"https:\/\/www.zina-shop.com\/index.php\/wp-json\/wp\/v2\/product_cat?post=3878"},{"taxonomy":"product_tag","embeddable":true,"href":"https:\/\/www.zina-shop.com\/index.php\/wp-json\/wp\/v2\/product_tag?post=3878"}],"curies":[{"name":"wp","href":"https:\/\/api.w.org\/{rel}","templated":true}]}}