{"id":3819,"date":"2020-03-11T16:37:23","date_gmt":"2020-03-11T15:37:23","guid":{"rendered":"http:\/\/www.zina-shop.com\/?post_type=product&#038;p=3819"},"modified":"2022-02-04T17:50:41","modified_gmt":"2022-02-04T16:50:41","slug":"corundum-lab-facettes-35-dark-blue-4mm-x-1","status":"publish","type":"product","link":"https:\/\/www.zina-shop.com\/index.php\/produit\/corundum-lab-facettes-35-dark-blue-4mm-x-1\/","title":{"rendered":"Corundum Lab Facettes #35 Dark blue 4mm x 1"},"content":{"rendered":"<p>Corundum Lab Facettes #35 Dark blue 4mm x 1<\/p>\n","protected":false},"excerpt":{"rendered":"<p><strong>Corundum\u00a0Rond\u00a04mm\u00a0facett\u00e9<\/strong><\/p>\n<p>Pierre de synth\u00e8se \u00ad Laboratoire<br \/>\nCouleur: Dark blue \u00ad #35<br \/>\nQualit\u00e9: Grade AAA<\/p>\n<p><em><span style=\"color: #800080\u037e;\">Vendu\u00a0\u00e0\u00a0l&rsquo;unit\u00e9<\/span><\/em><\/p>\n<p>Le corundum, appel\u00e9 ruby ou saphir de synth\u00e8se est fabriqu\u00e9 en laboratoire et a la m\u00eame composition chimique, structure atomique et propri\u00e9t\u00e9 physique que son \u00e9quivalent naturel.<br \/>\nSa duret\u00e9 est de 8 sur l&rsquo;\u00e9chelle de Mohs.<\/p>\n<p><span style=\"color: #800080\u037e;\">R\u00e9siste aux tr\u00e8s hautes temp\u00e9ratures, test\u00e9 \u00e0 970\u00b0C. \u00ad Garde tout son \u00e9clat. \u00ad Peut \u00eatre cuit dans le charbon.<br \/>\n<\/span><\/p>\n","protected":false},"featured_media":3818,"comment_status":"open","ping_status":"closed","template":"","meta":{"sfsi_plus_gutenberg_text_before_share":"","sfsi_plus_gutenberg_show_text_before_share":"","sfsi_plus_gutenberg_icon_type":"","sfsi_plus_gutenberg_icon_alignemt":"","sfsi_plus_gutenburg_max_per_row":""},"product_cat":[244],"product_tag":[],"class_list":["post-3819","product","type-product","status-publish","has-post-thumbnail","hentry","product_cat-cr-facette-rond-4-mm"],"jetpack_sharing_enabled":true,"_links":{"self":[{"href":"https:\/\/www.zina-shop.com\/index.php\/wp-json\/wp\/v2\/product\/3819","targetHints":{"allow":["GET"]}}],"collection":[{"href":"https:\/\/www.zina-shop.com\/index.php\/wp-json\/wp\/v2\/product"}],"about":[{"href":"https:\/\/www.zina-shop.com\/index.php\/wp-json\/wp\/v2\/types\/product"}],"replies":[{"embeddable":true,"href":"https:\/\/www.zina-shop.com\/index.php\/wp-json\/wp\/v2\/comments?post=3819"}],"wp:featuredmedia":[{"embeddable":true,"href":"https:\/\/www.zina-shop.com\/index.php\/wp-json\/wp\/v2\/media\/3818"}],"wp:attachment":[{"href":"https:\/\/www.zina-shop.com\/index.php\/wp-json\/wp\/v2\/media?parent=3819"}],"wp:term":[{"taxonomy":"product_cat","embeddable":true,"href":"https:\/\/www.zina-shop.com\/index.php\/wp-json\/wp\/v2\/product_cat?post=3819"},{"taxonomy":"product_tag","embeddable":true,"href":"https:\/\/www.zina-shop.com\/index.php\/wp-json\/wp\/v2\/product_tag?post=3819"}],"curies":[{"name":"wp","href":"https:\/\/api.w.org\/{rel}","templated":true}]}}